{"id":645689,"date":"2024-10-10T13:53:50","date_gmt":"2024-10-10T11:53:50","guid":{"rendered":"https:\/\/streetmarkets.fr\/app\/produit\/veste-varsity-jacket-vintage-3\/"},"modified":"2026-05-06T09:37:26","modified_gmt":"2026-05-06T07:37:26","slug":"veste-varsity-jacket-vintage-3","status":"publish","type":"product","link":"https:\/\/streetmarkets.fr\/app\/produit\/veste-varsity-jacket-vintage-3\/","title":{"rendered":"Veste Varsity Jacket Vintage"},"content":{"rendered":"<h4 data-mce-style=\"text-align: center;\">Taille S \/ Small<\/h4>\n<h4 data-mce-fragment=\"1\" data-mce-style=\"text-align: left;\">Varsity Jacket Vintage de 1969&#8217;s de L&#8217;universit\u00e9 de North Dakota.\u00a0<\/h4>\n<h4>\n<a title=\"Universit\u00e9 du North Dakota Boutique pickers vintage officielle\" href=\"https:\/\/fr.wikipedia.org\/wiki\/Universit%C3%A9_du_Dakota_du_Nord\" target=\"_blank\" data-mce-href=\"https:\/\/fr.wikipedia.org\/wiki\/Universit%C3%A9_du_Dakota_du_Nord\" rel=\"noopener\"> L&#8217;universit\u00e9 du Dakota du Nord<\/a>\u00a0est une Universit\u00e9 publique situ\u00e9e \u00a0dans l&#8217;\u00c9tat Am\u00e9ricain du Dakota du Nord.\u00a0Elle a \u00e9t\u00e9 fond\u00e9e en 1883&#8217;s.<\/h4>\n<div style=\"text-align: center\" data-mce-style=\"text-align: center;\"><img decoding=\"async\" src=\"https:\/\/cdn.shopify.com\/s\/files\/1\/0555\/2573\/6522\/files\/UNIVERSITE-NORTH-DAKOTA-Boutique-Pickers-Vintage-Officielle-min_1_100x100.png?v=1675788752\" alt=\"Universit\u00e9 North Dakota, Boutique Pickers vintage Officielle\" style=\"margin-bottom: 16px;float: none\"><\/div>\n<div style=\"text-align: center\" data-mce-style=\"text-align: center;\"><\/div>\n<h3 style=\"text-align: center\" data-mce-style=\"text-align: center;\"><span style=\"color: #ff2a00\"><\/span><\/h3>\n<ul><\/ul>\n<div style=\"text-align: left\" data-mce-style=\"text-align: left;\"><\/div>\n","protected":false},"excerpt":{"rendered":"<p>Taille S \/ Small Varsity Jacket Vintage de 1969&#8217;s de L&#8217;universit\u00e9 de North Dakota.\u00a0 L&#8217;universit\u00e9 du Dakota du Nord\u00a0est une Universit\u00e9 publique situ\u00e9e \u00a0dans l&#8217;\u00c9tat Am\u00e9ricain du Dakota du Nord.\u00a0Elle a \u00e9t\u00e9 fond\u00e9e en 1883&#8217;s.<\/p>\n","protected":false},"featured_media":645690,"comment_status":"open","ping_status":"closed","template":"","meta":[],"product_brand":[],"product_cat":[1756,1758],"product_tag":[2122],"acf":[],"_links":{"self":[{"href":"https:\/\/streetmarkets.fr\/app\/wp-json\/wp\/v2\/product\/645689"}],"collection":[{"href":"https:\/\/streetmarkets.fr\/app\/wp-json\/wp\/v2\/product"}],"about":[{"href":"https:\/\/streetmarkets.fr\/app\/wp-json\/wp\/v2\/types\/product"}],"replies":[{"embeddable":true,"href":"https:\/\/streetmarkets.fr\/app\/wp-json\/wp\/v2\/comments?post=645689"}],"wp:featuredmedia":[{"embeddable":true,"href":"https:\/\/streetmarkets.fr\/app\/wp-json\/wp\/v2\/media\/645690"}],"wp:attachment":[{"href":"https:\/\/streetmarkets.fr\/app\/wp-json\/wp\/v2\/media?parent=645689"}],"wp:term":[{"taxonomy":"product_brand","embeddable":true,"href":"https:\/\/streetmarkets.fr\/app\/wp-json\/wp\/v2\/product_brand?post=645689"},{"taxonomy":"product_cat","embeddable":true,"href":"https:\/\/streetmarkets.fr\/app\/wp-json\/wp\/v2\/product_cat?post=645689"},{"taxonomy":"product_tag","embeddable":true,"href":"https:\/\/streetmarkets.fr\/app\/wp-json\/wp\/v2\/product_tag?post=645689"}],"curies":[{"name":"wp","href":"https:\/\/api.w.org\/{rel}","templated":true}]}}