{"id":643763,"date":"2024-10-10T12:52:36","date_gmt":"2024-10-10T10:52:36","guid":{"rendered":"https:\/\/streetmarkets.fr\/app\/produit\/sweat-imprime-coeur-paris-ecru\/"},"modified":"2024-10-16T00:27:42","modified_gmt":"2024-10-15T22:27:42","slug":"sweat-imprime-coeur-paris-ecru","status":"publish","type":"product","link":"https:\/\/streetmarkets.fr\/app\/produit\/sweat-imprime-coeur-paris-ecru\/","title":{"rendered":"Sweat imprim\u00e9 Coeur Paris \u00e9cru"},"content":{"rendered":"<p class=\"x_p1\">Avec notre tout nouveau<span> sweat<\/span><span data-mce-fragment=\"1\">-shirt imprim\u00e9<\/span><strong>\u00a0COEUR<\/strong>, montrez votre amour pour Paris !<span class=\"x_Apple-converted-space\">\u00a0<\/span><\/p>\n<p class=\"x_p1\">Il est unisexe, en<span>\u00a0<\/span><strong>coton bio<\/strong><span>\u00a0<\/span>et enti\u00e8rement con\u00e7u et imprim\u00e9 dans notre atelier parisien<\/p>\n<p class=\"x_p1\">Son impression exclusive, inspir\u00e9e du m\u00e9tro parisien, vous permettra d&#8217;afficher fi\u00e8rement votre amour pour Paris et cr\u00e9er&#8230;<\/p>\n<p class=\"x_p1\"><strong>Un\u00a0style 100 % capitale<\/strong><\/p>\n<p class=\"x_p1\">Nos sweat-shirts taillent normalement, nous vous recommandons de choisir votre taille habituelle.<\/p>\n","protected":false},"excerpt":{"rendered":"<p>Avec notre tout nouveau sweat-shirt imprim\u00e9\u00a0COEUR, montrez votre amour pour Paris !\u00a0 Il est unisexe, en\u00a0coton bio\u00a0et enti\u00e8rement con\u00e7u et imprim\u00e9 dans notre atelier parisien Son impression exclusive, inspir\u00e9e du m\u00e9tro parisien, vous permettra d&#8217;afficher fi\u00e8rement votre amour pour Paris et cr\u00e9er&#8230; Un\u00a0style 100 % capitale Nos sweat-shirts taillent normalement, nous vous recommandons de choisir [&hellip;]<\/p>\n","protected":false},"featured_media":643764,"comment_status":"open","ping_status":"closed","template":"","meta":[],"product_brand":[],"product_cat":[1756,1758],"product_tag":[],"acf":[],"_links":{"self":[{"href":"https:\/\/streetmarkets.fr\/app\/wp-json\/wp\/v2\/product\/643763"}],"collection":[{"href":"https:\/\/streetmarkets.fr\/app\/wp-json\/wp\/v2\/product"}],"about":[{"href":"https:\/\/streetmarkets.fr\/app\/wp-json\/wp\/v2\/types\/product"}],"replies":[{"embeddable":true,"href":"https:\/\/streetmarkets.fr\/app\/wp-json\/wp\/v2\/comments?post=643763"}],"wp:featuredmedia":[{"embeddable":true,"href":"https:\/\/streetmarkets.fr\/app\/wp-json\/wp\/v2\/media\/643764"}],"wp:attachment":[{"href":"https:\/\/streetmarkets.fr\/app\/wp-json\/wp\/v2\/media?parent=643763"}],"wp:term":[{"taxonomy":"product_brand","embeddable":true,"href":"https:\/\/streetmarkets.fr\/app\/wp-json\/wp\/v2\/product_brand?post=643763"},{"taxonomy":"product_cat","embeddable":true,"href":"https:\/\/streetmarkets.fr\/app\/wp-json\/wp\/v2\/product_cat?post=643763"},{"taxonomy":"product_tag","embeddable":true,"href":"https:\/\/streetmarkets.fr\/app\/wp-json\/wp\/v2\/product_tag?post=643763"}],"curies":[{"name":"wp","href":"https:\/\/api.w.org\/{rel}","templated":true}]}}