{"id":643759,"date":"2024-10-10T12:52:36","date_gmt":"2024-10-10T10:52:36","guid":{"rendered":"https:\/\/streetmarkets.fr\/app\/produit\/sac-shopping-imprime-coeur-paris-ecru\/"},"modified":"2024-10-16T00:27:42","modified_gmt":"2024-10-15T22:27:42","slug":"sac-shopping-imprime-coeur-paris-ecru","status":"publish","type":"product","link":"https:\/\/streetmarkets.fr\/app\/produit\/sac-shopping-imprime-coeur-paris-ecru\/","title":{"rendered":"Sac shopping imprim\u00e9 Coeur Paris \u00e9cru"},"content":{"rendered":"<p class=\"x_p1\">Craquez pour ce sac shopping<span> <strong>COEUR<\/strong><\/span><span>\u00a0<\/span>et affichez votre amour pour Paris.<\/p>\n<p class=\"x_p1\">Dimensions : 50\/38\/15 cm\u00a0<\/p>\n<p class=\"x_p1\">En m\u00e9lange de coton et de polyester recycl\u00e9, son design exclusif s&#8217;inspire du\u00a0m\u00e9tro parisien et vous permettra d&#8217;afficher fi\u00e8rement votre amour pour Paris et cr\u00e9er\u2026<\/p>\n<p class=\"x_p1\"><strong>Un\u00a0style 100 % capitale<\/strong><\/p>\n","protected":false},"excerpt":{"rendered":"<p>Craquez pour ce sac shopping COEUR\u00a0et affichez votre amour pour Paris. Dimensions : 50\/38\/15 cm\u00a0 En m\u00e9lange de coton et de polyester recycl\u00e9, son design exclusif s&#8217;inspire du\u00a0m\u00e9tro parisien et vous permettra d&#8217;afficher fi\u00e8rement votre amour pour Paris et cr\u00e9er\u2026 Un\u00a0style 100 % capitale<\/p>\n","protected":false},"featured_media":643760,"comment_status":"open","ping_status":"closed","template":"","meta":[],"product_brand":[],"product_cat":[1756,1764],"product_tag":[],"acf":[],"_links":{"self":[{"href":"https:\/\/streetmarkets.fr\/app\/wp-json\/wp\/v2\/product\/643759"}],"collection":[{"href":"https:\/\/streetmarkets.fr\/app\/wp-json\/wp\/v2\/product"}],"about":[{"href":"https:\/\/streetmarkets.fr\/app\/wp-json\/wp\/v2\/types\/product"}],"replies":[{"embeddable":true,"href":"https:\/\/streetmarkets.fr\/app\/wp-json\/wp\/v2\/comments?post=643759"}],"wp:featuredmedia":[{"embeddable":true,"href":"https:\/\/streetmarkets.fr\/app\/wp-json\/wp\/v2\/media\/643760"}],"wp:attachment":[{"href":"https:\/\/streetmarkets.fr\/app\/wp-json\/wp\/v2\/media?parent=643759"}],"wp:term":[{"taxonomy":"product_brand","embeddable":true,"href":"https:\/\/streetmarkets.fr\/app\/wp-json\/wp\/v2\/product_brand?post=643759"},{"taxonomy":"product_cat","embeddable":true,"href":"https:\/\/streetmarkets.fr\/app\/wp-json\/wp\/v2\/product_cat?post=643759"},{"taxonomy":"product_tag","embeddable":true,"href":"https:\/\/streetmarkets.fr\/app\/wp-json\/wp\/v2\/product_tag?post=643759"}],"curies":[{"name":"wp","href":"https:\/\/api.w.org\/{rel}","templated":true}]}}