{"id":643755,"date":"2024-10-10T12:52:35","date_gmt":"2024-10-10T10:52:35","guid":{"rendered":"https:\/\/streetmarkets.fr\/app\/produit\/t-shirt-imprime-parisien-noir-patch-edition-limitee\/"},"modified":"2024-10-16T00:27:42","modified_gmt":"2024-10-15T22:27:42","slug":"t-shirt-imprime-parisien-noir-patch-edition-limitee","status":"publish","type":"product","link":"https:\/\/streetmarkets.fr\/app\/produit\/t-shirt-imprime-parisien-noir-patch-edition-limitee\/","title":{"rendered":"T-shirt imprim\u00e9 Parisien noir patch &#8211; \u00c9dition limit\u00e9e"},"content":{"rendered":"<p>Avec notre nouveau t-shirt<span data-mce-fragment=\"1\">\u00a0<\/span><strong data-mce-fragment=\"1\">Parisien<\/strong>,<span data-mce-fragment=\"1\"> montrez votre amour pour\u00a0Paris<\/span><\/p>\n<p><strong><span data-mce-fragment=\"1\">\u00c9dition limit\u00e9e\u00a0<\/span><\/strong><\/p>\n<p data-mce-fragment=\"1\">En\u00a0<strong data-mce-fragment=\"1\">coton bio\u00a0<\/strong>et enti\u00e8rement con\u00e7u et imprim\u00e9\u00a0dans\u00a0notre atelier parisien<\/p>\n<p data-mce-fragment=\"1\">Son impression\u00a0exclusive, inspir\u00e9e<span data-mce-fragment=\"1\">\u00a0<\/span>du<strong data-mce-fragment=\"1\">\u00a0<\/strong>m\u00e9tro parisien, vous permettra d&#8217;afficher fi\u00e8rement votre amour pour Paris et cr\u00e9er&#8230;<\/p>\n<p data-mce-fragment=\"1\"><strong data-mce-fragment=\"1\">Un\u00a0style 100 % capitale<\/strong><\/p>\n<p data-mce-fragment=\"1\">Nos\u00a0t-shirts taillent normalement, nous vous recommandons de choisir votre taille habituelle.<\/p>\n","protected":false},"excerpt":{"rendered":"<p>Avec notre nouveau t-shirt\u00a0Parisien, montrez votre amour pour\u00a0Paris \u00c9dition limit\u00e9e\u00a0 En\u00a0coton bio\u00a0et enti\u00e8rement con\u00e7u et imprim\u00e9\u00a0dans\u00a0notre atelier parisien Son impression\u00a0exclusive, inspir\u00e9e\u00a0du\u00a0m\u00e9tro parisien, vous permettra d&#8217;afficher fi\u00e8rement votre amour pour Paris et cr\u00e9er&#8230; Un\u00a0style 100 % capitale Nos\u00a0t-shirts taillent normalement, nous vous recommandons de choisir votre taille habituelle.<\/p>\n","protected":false},"featured_media":643756,"comment_status":"open","ping_status":"closed","template":"","meta":[],"product_brand":[],"product_cat":[1756,1758],"product_tag":[1813],"acf":[],"_links":{"self":[{"href":"https:\/\/streetmarkets.fr\/app\/wp-json\/wp\/v2\/product\/643755"}],"collection":[{"href":"https:\/\/streetmarkets.fr\/app\/wp-json\/wp\/v2\/product"}],"about":[{"href":"https:\/\/streetmarkets.fr\/app\/wp-json\/wp\/v2\/types\/product"}],"replies":[{"embeddable":true,"href":"https:\/\/streetmarkets.fr\/app\/wp-json\/wp\/v2\/comments?post=643755"}],"wp:featuredmedia":[{"embeddable":true,"href":"https:\/\/streetmarkets.fr\/app\/wp-json\/wp\/v2\/media\/643756"}],"wp:attachment":[{"href":"https:\/\/streetmarkets.fr\/app\/wp-json\/wp\/v2\/media?parent=643755"}],"wp:term":[{"taxonomy":"product_brand","embeddable":true,"href":"https:\/\/streetmarkets.fr\/app\/wp-json\/wp\/v2\/product_brand?post=643755"},{"taxonomy":"product_cat","embeddable":true,"href":"https:\/\/streetmarkets.fr\/app\/wp-json\/wp\/v2\/product_cat?post=643755"},{"taxonomy":"product_tag","embeddable":true,"href":"https:\/\/streetmarkets.fr\/app\/wp-json\/wp\/v2\/product_tag?post=643755"}],"curies":[{"name":"wp","href":"https:\/\/api.w.org\/{rel}","templated":true}]}}