{"id":643706,"date":"2024-10-10T12:52:34","date_gmt":"2024-10-10T10:52:34","guid":{"rendered":"https:\/\/streetmarkets.fr\/app\/produit\/porte-cles-emaille-paname\/"},"modified":"2024-10-16T00:27:36","modified_gmt":"2024-10-15T22:27:36","slug":"porte-cles-emaille-paname","status":"publish","type":"product","link":"https:\/\/streetmarkets.fr\/app\/produit\/porte-cles-emaille-paname\/","title":{"rendered":"Porte-cl\u00e9s \u00e9maill\u00e9 Paname"},"content":{"rendered":"<p class=\"x_p1\">Craquez pour ce tout nouveau <span data-mce-fragment=\"1\">porte-cl\u00e9s<\/span> <strong>PANAME<\/strong> et affichez votre amour pour Paris.<\/p>\n<p class=\"x_p1\">En\u00a0<strong>m\u00e9tal \u00e9maill\u00e9<\/strong>, i<span data-mce-fragment=\"1\">l sera le compagnon id\u00e9al pour vos cl\u00e9s<\/span>.<\/p>\n<p class=\"x_p1\">Logo Le Bijou Parisien grav\u00e9 au dos<span>\u00a0<\/span><span class=\"x_Apple-converted-space\">\u00a0<\/span><\/p>\n<p class=\"x_p1\">Son design exclusif s&#8217;inspire du\u00a0m\u00e9tro parisien et vous permettra d&#8217;afficher fi\u00e8rement votre amour pour Paris et cr\u00e9er\u2026<\/p>\n<p class=\"x_p1\"><strong>Un\u00a0style 100 % capitale<\/strong><\/p>\n<p class=\"x_p1\">Hauteur avec l\u2019anneau :<span class=\"x_Apple-converted-space\"> 11 cm<\/span><\/p>\n<p class=\"x_p1\">Largeur :<span class=\"x_Apple-converted-space\"> 1,9 cm\u00a0<\/span><\/p>\n","protected":false},"excerpt":{"rendered":"<p>Craquez pour ce tout nouveau porte-cl\u00e9s PANAME et affichez votre amour pour Paris. En\u00a0m\u00e9tal \u00e9maill\u00e9, il sera le compagnon id\u00e9al pour vos cl\u00e9s. Logo Le Bijou Parisien grav\u00e9 au dos\u00a0\u00a0 Son design exclusif s&#8217;inspire du\u00a0m\u00e9tro parisien et vous permettra d&#8217;afficher fi\u00e8rement votre amour pour Paris et cr\u00e9er\u2026 Un\u00a0style 100 % capitale Hauteur avec l\u2019anneau : [&hellip;]<\/p>\n","protected":false},"featured_media":643707,"comment_status":"open","ping_status":"closed","template":"","meta":[],"product_brand":[],"product_cat":[1807,1756],"product_tag":[],"acf":[],"_links":{"self":[{"href":"https:\/\/streetmarkets.fr\/app\/wp-json\/wp\/v2\/product\/643706"}],"collection":[{"href":"https:\/\/streetmarkets.fr\/app\/wp-json\/wp\/v2\/product"}],"about":[{"href":"https:\/\/streetmarkets.fr\/app\/wp-json\/wp\/v2\/types\/product"}],"replies":[{"embeddable":true,"href":"https:\/\/streetmarkets.fr\/app\/wp-json\/wp\/v2\/comments?post=643706"}],"wp:featuredmedia":[{"embeddable":true,"href":"https:\/\/streetmarkets.fr\/app\/wp-json\/wp\/v2\/media\/643707"}],"wp:attachment":[{"href":"https:\/\/streetmarkets.fr\/app\/wp-json\/wp\/v2\/media?parent=643706"}],"wp:term":[{"taxonomy":"product_brand","embeddable":true,"href":"https:\/\/streetmarkets.fr\/app\/wp-json\/wp\/v2\/product_brand?post=643706"},{"taxonomy":"product_cat","embeddable":true,"href":"https:\/\/streetmarkets.fr\/app\/wp-json\/wp\/v2\/product_cat?post=643706"},{"taxonomy":"product_tag","embeddable":true,"href":"https:\/\/streetmarkets.fr\/app\/wp-json\/wp\/v2\/product_tag?post=643706"}],"curies":[{"name":"wp","href":"https:\/\/api.w.org\/{rel}","templated":true}]}}