{"id":643696,"date":"2024-10-10T12:52:34","date_gmt":"2024-10-10T10:52:34","guid":{"rendered":"https:\/\/streetmarkets.fr\/app\/produit\/pins-emaille-coeur-paris\/"},"modified":"2024-10-16T00:27:36","modified_gmt":"2024-10-15T22:27:36","slug":"pins-emaille-coeur-paris","status":"publish","type":"product","link":"https:\/\/streetmarkets.fr\/app\/produit\/pins-emaille-coeur-paris\/","title":{"rendered":"Pin&#8217;s \u00e9maill\u00e9 C\u0153ur Paris"},"content":{"rendered":"<p class=\"x_p1\">Craquez pour ce tout nouveau pin&#8217;s <strong>COEUR<\/strong> et affichez votre amour pour Paris.<\/p>\n<p class=\"x_p1\">En\u00a0<strong>m\u00e9tal \u00e9maill\u00e9<\/strong>, il mettra en valeur votre veste pr\u00e9f\u00e9r\u00e9e.<\/p>\n<p class=\"x_p1\">Logo Le Bijou Parisien grav\u00e9 au dos<span>\u00a0<\/span><span class=\"x_Apple-converted-space\">\u00a0<\/span><\/p>\n<p class=\"x_p1\">Son design exclusif s&#8217;inspire du\u00a0m\u00e9tro parisien et vous permettra d&#8217;afficher fi\u00e8rement votre amour pour Paris et cr\u00e9er\u2026<\/p>\n<p class=\"x_p1\"><strong>Un\u00a0style 100 % capitale<\/strong><\/p>\n<p class=\"x_p1\">Hauteur : 2,8 cm\u00a0<\/p>\n<p class=\"x_p1\">Largeur :<span class=\"x_Apple-converted-space\">\u00a03 cm\u00a0<\/span><\/p>\n","protected":false},"excerpt":{"rendered":"<p>Craquez pour ce tout nouveau pin&#8217;s COEUR et affichez votre amour pour Paris. En\u00a0m\u00e9tal \u00e9maill\u00e9, il mettra en valeur votre veste pr\u00e9f\u00e9r\u00e9e. Logo Le Bijou Parisien grav\u00e9 au dos\u00a0\u00a0 Son design exclusif s&#8217;inspire du\u00a0m\u00e9tro parisien et vous permettra d&#8217;afficher fi\u00e8rement votre amour pour Paris et cr\u00e9er\u2026 Un\u00a0style 100 % capitale Hauteur : 2,8 cm\u00a0 Largeur [&hellip;]<\/p>\n","protected":false},"featured_media":643697,"comment_status":"open","ping_status":"closed","template":"","meta":[],"product_brand":[],"product_cat":[1807,1756],"product_tag":[],"acf":[],"_links":{"self":[{"href":"https:\/\/streetmarkets.fr\/app\/wp-json\/wp\/v2\/product\/643696"}],"collection":[{"href":"https:\/\/streetmarkets.fr\/app\/wp-json\/wp\/v2\/product"}],"about":[{"href":"https:\/\/streetmarkets.fr\/app\/wp-json\/wp\/v2\/types\/product"}],"replies":[{"embeddable":true,"href":"https:\/\/streetmarkets.fr\/app\/wp-json\/wp\/v2\/comments?post=643696"}],"wp:featuredmedia":[{"embeddable":true,"href":"https:\/\/streetmarkets.fr\/app\/wp-json\/wp\/v2\/media\/643697"}],"wp:attachment":[{"href":"https:\/\/streetmarkets.fr\/app\/wp-json\/wp\/v2\/media?parent=643696"}],"wp:term":[{"taxonomy":"product_brand","embeddable":true,"href":"https:\/\/streetmarkets.fr\/app\/wp-json\/wp\/v2\/product_brand?post=643696"},{"taxonomy":"product_cat","embeddable":true,"href":"https:\/\/streetmarkets.fr\/app\/wp-json\/wp\/v2\/product_cat?post=643696"},{"taxonomy":"product_tag","embeddable":true,"href":"https:\/\/streetmarkets.fr\/app\/wp-json\/wp\/v2\/product_tag?post=643696"}],"curies":[{"name":"wp","href":"https:\/\/api.w.org\/{rel}","templated":true}]}}