{"id":643689,"date":"2024-10-10T12:52:34","date_gmt":"2024-10-10T10:52:34","guid":{"rendered":"https:\/\/streetmarkets.fr\/app\/produit\/tote-bag-imprime-coeur-paris-ecru\/"},"modified":"2024-10-16T00:27:36","modified_gmt":"2024-10-15T22:27:36","slug":"tote-bag-imprime-coeur-paris-ecru","status":"publish","type":"product","link":"https:\/\/streetmarkets.fr\/app\/produit\/tote-bag-imprime-coeur-paris-ecru\/","title":{"rendered":"Tote bag imprim\u00e9 C\u0153ur Paris &#8211; Ecru"},"content":{"rendered":"<p class=\"x_p1\">Avec notre tout nouveau tote-bag iconique\u00a0<strong>COEUR<\/strong>, affichez votre amour pour Paris !<span class=\"x_Apple-converted-space\">\u00a0<\/span><\/p>\n<p class=\"x_p1\">En <strong>coton biologique recycl\u00e9<\/strong> et enti\u00e8rement con\u00e7u et imprim\u00e9 dans notre atelier parisien<\/p>\n<p class=\"x_p1\"><span style=\"font-size: 0.875rem\"><span data-mce-fragment=\"1\">Son\u00a0impression\u00a0exclusive s&#8217;inspire du\u00a0m\u00e9tro parisien et vous permettra d&#8217;afficher fi\u00e8rement votre amour pour Paris<\/span> et cr\u00e9er&#8230;<\/span><\/p>\n<p class=\"x_p1\"><strong>Un style 100 % capitale<\/strong><\/p>\n","protected":false},"excerpt":{"rendered":"<p>Avec notre tout nouveau tote-bag iconique\u00a0COEUR, affichez votre amour pour Paris !\u00a0 En coton biologique recycl\u00e9 et enti\u00e8rement con\u00e7u et imprim\u00e9 dans notre atelier parisien Son\u00a0impression\u00a0exclusive s&#8217;inspire du\u00a0m\u00e9tro parisien et vous permettra d&#8217;afficher fi\u00e8rement votre amour pour Paris et cr\u00e9er&#8230; Un style 100 % capitale<\/p>\n","protected":false},"featured_media":643690,"comment_status":"open","ping_status":"closed","template":"","meta":[],"product_brand":[],"product_cat":[1756,1764],"product_tag":[],"acf":[],"_links":{"self":[{"href":"https:\/\/streetmarkets.fr\/app\/wp-json\/wp\/v2\/product\/643689"}],"collection":[{"href":"https:\/\/streetmarkets.fr\/app\/wp-json\/wp\/v2\/product"}],"about":[{"href":"https:\/\/streetmarkets.fr\/app\/wp-json\/wp\/v2\/types\/product"}],"replies":[{"embeddable":true,"href":"https:\/\/streetmarkets.fr\/app\/wp-json\/wp\/v2\/comments?post=643689"}],"wp:featuredmedia":[{"embeddable":true,"href":"https:\/\/streetmarkets.fr\/app\/wp-json\/wp\/v2\/media\/643690"}],"wp:attachment":[{"href":"https:\/\/streetmarkets.fr\/app\/wp-json\/wp\/v2\/media?parent=643689"}],"wp:term":[{"taxonomy":"product_brand","embeddable":true,"href":"https:\/\/streetmarkets.fr\/app\/wp-json\/wp\/v2\/product_brand?post=643689"},{"taxonomy":"product_cat","embeddable":true,"href":"https:\/\/streetmarkets.fr\/app\/wp-json\/wp\/v2\/product_cat?post=643689"},{"taxonomy":"product_tag","embeddable":true,"href":"https:\/\/streetmarkets.fr\/app\/wp-json\/wp\/v2\/product_tag?post=643689"}],"curies":[{"name":"wp","href":"https:\/\/api.w.org\/{rel}","templated":true}]}}