{"id":643683,"date":"2024-10-10T12:52:34","date_gmt":"2024-10-10T10:52:34","guid":{"rendered":"https:\/\/streetmarkets.fr\/app\/produit\/tee-shirt-imprime-coeur-paris-blanc\/"},"modified":"2024-10-16T00:27:36","modified_gmt":"2024-10-15T22:27:36","slug":"tee-shirt-imprime-coeur-paris-blanc","status":"publish","type":"product","link":"https:\/\/streetmarkets.fr\/app\/produit\/tee-shirt-imprime-coeur-paris-blanc\/","title":{"rendered":"Tee-Shirt imprim\u00e9 C\u0153ur Paris &#8211; Blanc"},"content":{"rendered":"<p class=\"x_p1\">Avec notre tout nouveau <span data-mce-fragment=\"1\">t-shirt imprim\u00e9<\/span><strong>\u00a0COEUR<\/strong>, montrez votre amour pour Paris !<span class=\"x_Apple-converted-space\">\u00a0<\/span><\/p>\n<p class=\"x_p1\">Il est unisexe, en <strong>coton bio<\/strong> et enti\u00e8rement con\u00e7u et imprim\u00e9 dans notre atelier parisien<\/p>\n<p class=\"x_p1\">Son impression exclusive, inspir\u00e9e du m\u00e9tro parisien, vous permettra d&#8217;afficher fi\u00e8rement votre amour pour Paris et cr\u00e9er&#8230;<\/p>\n<p class=\"x_p1\"><strong>Un\u00a0style 100 % capitale<\/strong><\/p>\n<p class=\"x_p1\">Nos tee-shirts taillent normalement, nous vous recommandons de choisir votre taille habituelle.<\/p>\n","protected":false},"excerpt":{"rendered":"<p>Avec notre tout nouveau t-shirt imprim\u00e9\u00a0COEUR, montrez votre amour pour Paris !\u00a0 Il est unisexe, en coton bio et enti\u00e8rement con\u00e7u et imprim\u00e9 dans notre atelier parisien Son impression exclusive, inspir\u00e9e du m\u00e9tro parisien, vous permettra d&#8217;afficher fi\u00e8rement votre amour pour Paris et cr\u00e9er&#8230; Un\u00a0style 100 % capitale Nos tee-shirts taillent normalement, nous vous recommandons [&hellip;]<\/p>\n","protected":false},"featured_media":643684,"comment_status":"open","ping_status":"closed","template":"","meta":[],"product_brand":[],"product_cat":[1756,1762],"product_tag":[],"acf":[],"_links":{"self":[{"href":"https:\/\/streetmarkets.fr\/app\/wp-json\/wp\/v2\/product\/643683"}],"collection":[{"href":"https:\/\/streetmarkets.fr\/app\/wp-json\/wp\/v2\/product"}],"about":[{"href":"https:\/\/streetmarkets.fr\/app\/wp-json\/wp\/v2\/types\/product"}],"replies":[{"embeddable":true,"href":"https:\/\/streetmarkets.fr\/app\/wp-json\/wp\/v2\/comments?post=643683"}],"wp:featuredmedia":[{"embeddable":true,"href":"https:\/\/streetmarkets.fr\/app\/wp-json\/wp\/v2\/media\/643684"}],"wp:attachment":[{"href":"https:\/\/streetmarkets.fr\/app\/wp-json\/wp\/v2\/media?parent=643683"}],"wp:term":[{"taxonomy":"product_brand","embeddable":true,"href":"https:\/\/streetmarkets.fr\/app\/wp-json\/wp\/v2\/product_brand?post=643683"},{"taxonomy":"product_cat","embeddable":true,"href":"https:\/\/streetmarkets.fr\/app\/wp-json\/wp\/v2\/product_cat?post=643683"},{"taxonomy":"product_tag","embeddable":true,"href":"https:\/\/streetmarkets.fr\/app\/wp-json\/wp\/v2\/product_tag?post=643683"}],"curies":[{"name":"wp","href":"https:\/\/api.w.org\/{rel}","templated":true}]}}