{"id":643679,"date":"2024-10-10T12:52:34","date_gmt":"2024-10-10T10:52:34","guid":{"rendered":"https:\/\/streetmarkets.fr\/app\/produit\/sweat-capuche-ecusson-brode-coeur-paris-noir\/"},"modified":"2024-10-16T00:27:36","modified_gmt":"2024-10-15T22:27:36","slug":"sweat-capuche-ecusson-brode-coeur-paris-noir","status":"publish","type":"product","link":"https:\/\/streetmarkets.fr\/app\/produit\/sweat-capuche-ecusson-brode-coeur-paris-noir\/","title":{"rendered":"Sweat capuche \u00e9cusson brod\u00e9 C\u0153ur Paris &#8211; Noir"},"content":{"rendered":"<p class=\"x_p1\">Avec notre tout nouveau sweat-shirt brod\u00e9<strong> COEUR<\/strong>, montrez votre amour pour Paris !<span class=\"x_Apple-converted-space\">\u00a0<\/span><\/p>\n<p class=\"x_p1\">Il est unisexe, en <strong>coton bio<\/strong> et enti\u00e8rement con\u00e7u et brod\u00e9 dans notre atelier parisien<\/p>\n<p class=\"x_p1\">Sa broderie\u00a0exclusive, inspir\u00e9e\u00a0du\u00a0m\u00e9tro parisien, vous permettra d&#8217;afficher fi\u00e8rement votre amour pour Paris et cr\u00e9er&#8230;<\/p>\n<p class=\"x_p1\"><strong>Un\u00a0style 100 % capitale<\/strong><\/p>\n<p class=\"x_p1\">Nos\u00a0sweat-shirts taillent normalement, nous vous recommandons de choisir votre taille habituelle.<\/p>\n","protected":false},"excerpt":{"rendered":"<p>Avec notre tout nouveau sweat-shirt brod\u00e9 COEUR, montrez votre amour pour Paris !\u00a0 Il est unisexe, en coton bio et enti\u00e8rement con\u00e7u et brod\u00e9 dans notre atelier parisien Sa broderie\u00a0exclusive, inspir\u00e9e\u00a0du\u00a0m\u00e9tro parisien, vous permettra d&#8217;afficher fi\u00e8rement votre amour pour Paris et cr\u00e9er&#8230; Un\u00a0style 100 % capitale Nos\u00a0sweat-shirts taillent normalement, nous vous recommandons de choisir votre [&hellip;]<\/p>\n","protected":false},"featured_media":643680,"comment_status":"open","ping_status":"closed","template":"","meta":[],"product_brand":[],"product_cat":[1756,1762],"product_tag":[],"acf":[],"_links":{"self":[{"href":"https:\/\/streetmarkets.fr\/app\/wp-json\/wp\/v2\/product\/643679"}],"collection":[{"href":"https:\/\/streetmarkets.fr\/app\/wp-json\/wp\/v2\/product"}],"about":[{"href":"https:\/\/streetmarkets.fr\/app\/wp-json\/wp\/v2\/types\/product"}],"replies":[{"embeddable":true,"href":"https:\/\/streetmarkets.fr\/app\/wp-json\/wp\/v2\/comments?post=643679"}],"wp:featuredmedia":[{"embeddable":true,"href":"https:\/\/streetmarkets.fr\/app\/wp-json\/wp\/v2\/media\/643680"}],"wp:attachment":[{"href":"https:\/\/streetmarkets.fr\/app\/wp-json\/wp\/v2\/media?parent=643679"}],"wp:term":[{"taxonomy":"product_brand","embeddable":true,"href":"https:\/\/streetmarkets.fr\/app\/wp-json\/wp\/v2\/product_brand?post=643679"},{"taxonomy":"product_cat","embeddable":true,"href":"https:\/\/streetmarkets.fr\/app\/wp-json\/wp\/v2\/product_cat?post=643679"},{"taxonomy":"product_tag","embeddable":true,"href":"https:\/\/streetmarkets.fr\/app\/wp-json\/wp\/v2\/product_tag?post=643679"}],"curies":[{"name":"wp","href":"https:\/\/api.w.org\/{rel}","templated":true}]}}