{"id":643670,"date":"2024-10-10T12:52:34","date_gmt":"2024-10-10T10:52:34","guid":{"rendered":"https:\/\/streetmarkets.fr\/app\/produit\/t-shirt-imprime-menilmontant-blanc\/"},"modified":"2024-10-16T00:27:36","modified_gmt":"2024-10-15T22:27:36","slug":"t-shirt-imprime-menilmontant-blanc","status":"publish","type":"product","link":"https:\/\/streetmarkets.fr\/app\/produit\/t-shirt-imprime-menilmontant-blanc\/","title":{"rendered":"T-shirt imprim\u00e9 M\u00e9nilmontant &#8211; Blanc"},"content":{"rendered":"<p>Avec notre t-shirt\u00a0iconique<span>\u00a0<\/span><strong>M\u00e9nilmontant<\/strong>,\u00a0redevenez\u00a0un p&#8217;tit gars\u00a0<\/p>\n<p>Il est\u00a0Unisexe, en\u00a0<strong>coton bio\u00a0<\/strong>et enti\u00e8rement con\u00e7u et imprim\u00e9\u00a0dans\u00a0notre atelier parisien<\/p>\n<p>Son impression\u00a0exclusive, inspir\u00e9e du<strong>\u00a0<\/strong>m\u00e9tro parisien, vous permettra d&#8217;afficher fi\u00e8rement votre amour pour Paris et cr\u00e9er&#8230;<\/p>\n<p><strong>Un\u00a0style 100 % capitale<\/strong><\/p>\n<p>Nos\u00a0t-shirts taillent normalement, nous vous recommandons de choisir votre taille habituelle.<\/p>\n","protected":false},"excerpt":{"rendered":"<p>Avec notre t-shirt\u00a0iconique\u00a0M\u00e9nilmontant,\u00a0redevenez\u00a0un p&#8217;tit gars\u00a0 Il est\u00a0Unisexe, en\u00a0coton bio\u00a0et enti\u00e8rement con\u00e7u et imprim\u00e9\u00a0dans\u00a0notre atelier parisien Son impression\u00a0exclusive, inspir\u00e9e du\u00a0m\u00e9tro parisien, vous permettra d&#8217;afficher fi\u00e8rement votre amour pour Paris et cr\u00e9er&#8230; Un\u00a0style 100 % capitale Nos\u00a0t-shirts taillent normalement, nous vous recommandons de choisir votre taille habituelle.<\/p>\n","protected":false},"featured_media":643671,"comment_status":"open","ping_status":"closed","template":"","meta":[],"product_brand":[],"product_cat":[1756,1762],"product_tag":[],"acf":[],"_links":{"self":[{"href":"https:\/\/streetmarkets.fr\/app\/wp-json\/wp\/v2\/product\/643670"}],"collection":[{"href":"https:\/\/streetmarkets.fr\/app\/wp-json\/wp\/v2\/product"}],"about":[{"href":"https:\/\/streetmarkets.fr\/app\/wp-json\/wp\/v2\/types\/product"}],"replies":[{"embeddable":true,"href":"https:\/\/streetmarkets.fr\/app\/wp-json\/wp\/v2\/comments?post=643670"}],"wp:featuredmedia":[{"embeddable":true,"href":"https:\/\/streetmarkets.fr\/app\/wp-json\/wp\/v2\/media\/643671"}],"wp:attachment":[{"href":"https:\/\/streetmarkets.fr\/app\/wp-json\/wp\/v2\/media?parent=643670"}],"wp:term":[{"taxonomy":"product_brand","embeddable":true,"href":"https:\/\/streetmarkets.fr\/app\/wp-json\/wp\/v2\/product_brand?post=643670"},{"taxonomy":"product_cat","embeddable":true,"href":"https:\/\/streetmarkets.fr\/app\/wp-json\/wp\/v2\/product_cat?post=643670"},{"taxonomy":"product_tag","embeddable":true,"href":"https:\/\/streetmarkets.fr\/app\/wp-json\/wp\/v2\/product_tag?post=643670"}],"curies":[{"name":"wp","href":"https:\/\/api.w.org\/{rel}","templated":true}]}}