{"id":643636,"date":"2024-10-10T12:52:18","date_gmt":"2024-10-10T10:52:18","guid":{"rendered":"https:\/\/streetmarkets.fr\/app\/produit\/casquette-brodee-liberte-navy\/"},"modified":"2024-10-16T00:27:35","modified_gmt":"2024-10-15T22:27:35","slug":"casquette-brodee-liberte-navy","status":"publish","type":"product","link":"https:\/\/streetmarkets.fr\/app\/produit\/casquette-brodee-liberte-navy\/","title":{"rendered":"Casquette brod\u00e9e Libert\u00e9 &#8211; Navy"},"content":{"rendered":"<p data-mce-fragment=\"1\">Avec notre\u00a0casquette iconique<span data-mce-fragment=\"1\">\u00a0<\/span><strong data-mce-fragment=\"1\">Libert\u00e9<\/strong>,\u00a0<span data-mce-fragment=\"1\">assumez votre audace.\u00a0<\/span><\/p>\n<p data-mce-fragment=\"1\">Enti\u00e8rement con\u00e7ue et brod\u00e9e dans\u00a0notre atelier parisien<\/p>\n<p data-mce-fragment=\"1\">Sa broderie \u00e9cusson exclusive s&#8217;inspire du<strong data-mce-fragment=\"1\">\u00a0<\/strong>m\u00e9tro parisien et vous permettra d&#8217;afficher fi\u00e8rement votre amour pour Paris et cr\u00e9er&#8230;<\/p>\n<p data-mce-fragment=\"1\"><strong data-mce-fragment=\"1\">Un\u00a0style 100 % capitale<\/strong><\/p>\n<p data-mce-fragment=\"1\"><br data-mce-fragment=\"1\"><\/p>\n<p data-mce-fragment=\"1\">Unisexe &#8211; Taille unique.<\/p>\n","protected":false},"excerpt":{"rendered":"<p>Avec notre\u00a0casquette iconique\u00a0Libert\u00e9,\u00a0assumez votre audace.\u00a0 Enti\u00e8rement con\u00e7ue et brod\u00e9e dans\u00a0notre atelier parisien Sa broderie \u00e9cusson exclusive s&#8217;inspire du\u00a0m\u00e9tro parisien et vous permettra d&#8217;afficher fi\u00e8rement votre amour pour Paris et cr\u00e9er&#8230; Un\u00a0style 100 % capitale Unisexe &#8211; Taille unique.<\/p>\n","protected":false},"featured_media":643637,"comment_status":"open","ping_status":"closed","template":"","meta":[],"product_brand":[],"product_cat":[1756,1764],"product_tag":[],"acf":[],"_links":{"self":[{"href":"https:\/\/streetmarkets.fr\/app\/wp-json\/wp\/v2\/product\/643636"}],"collection":[{"href":"https:\/\/streetmarkets.fr\/app\/wp-json\/wp\/v2\/product"}],"about":[{"href":"https:\/\/streetmarkets.fr\/app\/wp-json\/wp\/v2\/types\/product"}],"replies":[{"embeddable":true,"href":"https:\/\/streetmarkets.fr\/app\/wp-json\/wp\/v2\/comments?post=643636"}],"wp:featuredmedia":[{"embeddable":true,"href":"https:\/\/streetmarkets.fr\/app\/wp-json\/wp\/v2\/media\/643637"}],"wp:attachment":[{"href":"https:\/\/streetmarkets.fr\/app\/wp-json\/wp\/v2\/media?parent=643636"}],"wp:term":[{"taxonomy":"product_brand","embeddable":true,"href":"https:\/\/streetmarkets.fr\/app\/wp-json\/wp\/v2\/product_brand?post=643636"},{"taxonomy":"product_cat","embeddable":true,"href":"https:\/\/streetmarkets.fr\/app\/wp-json\/wp\/v2\/product_cat?post=643636"},{"taxonomy":"product_tag","embeddable":true,"href":"https:\/\/streetmarkets.fr\/app\/wp-json\/wp\/v2\/product_tag?post=643636"}],"curies":[{"name":"wp","href":"https:\/\/api.w.org\/{rel}","templated":true}]}}