{"id":643632,"date":"2024-10-10T12:52:18","date_gmt":"2024-10-10T10:52:18","guid":{"rendered":"https:\/\/streetmarkets.fr\/app\/produit\/casquette-brodee-le-marais-noire\/"},"modified":"2024-10-16T00:27:35","modified_gmt":"2024-10-15T22:27:35","slug":"casquette-brodee-le-marais-noire","status":"publish","type":"product","link":"https:\/\/streetmarkets.fr\/app\/produit\/casquette-brodee-le-marais-noire\/","title":{"rendered":"Casquette brod\u00e9e Le Marais &#8211; Noire"},"content":{"rendered":"<p data-mce-fragment=\"1\">Avec notre\u00a0casquette iconique<span data-mce-fragment=\"1\">\u00a0<\/span><strong data-mce-fragment=\"1\">Le Marais<\/strong>,\u00a0<span data-mce-fragment=\"1\">soyez fier(e) de qui vous \u00eates<\/span><\/p>\n<p data-mce-fragment=\"1\">Enti\u00e8rement con\u00e7ue et brod\u00e9e dans\u00a0notre atelier parisien<\/p>\n<p data-mce-fragment=\"1\">Sa broderie \u00e9cusson exclusive s&#8217;inspire du<strong data-mce-fragment=\"1\">\u00a0<\/strong>m\u00e9tro parisien et vous permettra d&#8217;afficher fi\u00e8rement votre amour pour Paris et cr\u00e9er &#8230;<\/p>\n<p data-mce-fragment=\"1\"><strong data-mce-fragment=\"1\">Un\u00a0style 100 % capitale<\/strong><\/p>\n<p data-mce-fragment=\"1\"><br data-mce-fragment=\"1\"><\/p>\n<p data-mce-fragment=\"1\">Unisexe &#8211; Taille unique.<\/p>\n","protected":false},"excerpt":{"rendered":"<p>Avec notre\u00a0casquette iconique\u00a0Le Marais,\u00a0soyez fier(e) de qui vous \u00eates Enti\u00e8rement con\u00e7ue et brod\u00e9e dans\u00a0notre atelier parisien Sa broderie \u00e9cusson exclusive s&#8217;inspire du\u00a0m\u00e9tro parisien et vous permettra d&#8217;afficher fi\u00e8rement votre amour pour Paris et cr\u00e9er &#8230; Un\u00a0style 100 % capitale Unisexe &#8211; Taille unique.<\/p>\n","protected":false},"featured_media":643633,"comment_status":"open","ping_status":"closed","template":"","meta":[],"product_brand":[],"product_cat":[1756,1764],"product_tag":[],"acf":[],"_links":{"self":[{"href":"https:\/\/streetmarkets.fr\/app\/wp-json\/wp\/v2\/product\/643632"}],"collection":[{"href":"https:\/\/streetmarkets.fr\/app\/wp-json\/wp\/v2\/product"}],"about":[{"href":"https:\/\/streetmarkets.fr\/app\/wp-json\/wp\/v2\/types\/product"}],"replies":[{"embeddable":true,"href":"https:\/\/streetmarkets.fr\/app\/wp-json\/wp\/v2\/comments?post=643632"}],"wp:featuredmedia":[{"embeddable":true,"href":"https:\/\/streetmarkets.fr\/app\/wp-json\/wp\/v2\/media\/643633"}],"wp:attachment":[{"href":"https:\/\/streetmarkets.fr\/app\/wp-json\/wp\/v2\/media?parent=643632"}],"wp:term":[{"taxonomy":"product_brand","embeddable":true,"href":"https:\/\/streetmarkets.fr\/app\/wp-json\/wp\/v2\/product_brand?post=643632"},{"taxonomy":"product_cat","embeddable":true,"href":"https:\/\/streetmarkets.fr\/app\/wp-json\/wp\/v2\/product_cat?post=643632"},{"taxonomy":"product_tag","embeddable":true,"href":"https:\/\/streetmarkets.fr\/app\/wp-json\/wp\/v2\/product_tag?post=643632"}],"curies":[{"name":"wp","href":"https:\/\/api.w.org\/{rel}","templated":true}]}}