{"id":643591,"date":"2024-10-10T12:52:17","date_gmt":"2024-10-10T10:52:17","guid":{"rendered":"https:\/\/streetmarkets.fr\/app\/produit\/pack-de-3-badges-hello-kitty\/"},"modified":"2024-10-16T00:27:34","modified_gmt":"2024-10-15T22:27:34","slug":"pack-de-3-badges-hello-kitty","status":"publish","type":"product","link":"https:\/\/streetmarkets.fr\/app\/produit\/pack-de-3-badges-hello-kitty\/","title":{"rendered":"Pack de 3 badges Hello Kitty"},"content":{"rendered":"<p data-mce-fragment=\"1\">Nous vous proposons\u00a0ce pack exclusif de 3 badges\u00a0 issu de notre collection capsule\u00a0avec Hello Kitty.<\/p>\n<p data-mce-fragment=\"1\">Nous l&#8217;avons souhait\u00e9e pleine de joie, de couleurs et de tendresse.<\/p>\n<p data-mce-fragment=\"1\">Ornez vos sacs et v\u00eatements de mani\u00e8re fun et dans un style\u00a0totalement kawaii-parisien !\u00a0<\/p>\n<p data-mce-fragment=\"1\"><\/p>\n","protected":false},"excerpt":{"rendered":"<p>Nous vous proposons\u00a0ce pack exclusif de 3 badges\u00a0 issu de notre collection capsule\u00a0avec Hello Kitty. Nous l&#8217;avons souhait\u00e9e pleine de joie, de couleurs et de tendresse. Ornez vos sacs et v\u00eatements de mani\u00e8re fun et dans un style\u00a0totalement kawaii-parisien !\u00a0<\/p>\n","protected":false},"featured_media":643592,"comment_status":"open","ping_status":"closed","template":"","meta":[],"product_brand":[],"product_cat":[1756,1764],"product_tag":[],"acf":[],"_links":{"self":[{"href":"https:\/\/streetmarkets.fr\/app\/wp-json\/wp\/v2\/product\/643591"}],"collection":[{"href":"https:\/\/streetmarkets.fr\/app\/wp-json\/wp\/v2\/product"}],"about":[{"href":"https:\/\/streetmarkets.fr\/app\/wp-json\/wp\/v2\/types\/product"}],"replies":[{"embeddable":true,"href":"https:\/\/streetmarkets.fr\/app\/wp-json\/wp\/v2\/comments?post=643591"}],"wp:featuredmedia":[{"embeddable":true,"href":"https:\/\/streetmarkets.fr\/app\/wp-json\/wp\/v2\/media\/643592"}],"wp:attachment":[{"href":"https:\/\/streetmarkets.fr\/app\/wp-json\/wp\/v2\/media?parent=643591"}],"wp:term":[{"taxonomy":"product_brand","embeddable":true,"href":"https:\/\/streetmarkets.fr\/app\/wp-json\/wp\/v2\/product_brand?post=643591"},{"taxonomy":"product_cat","embeddable":true,"href":"https:\/\/streetmarkets.fr\/app\/wp-json\/wp\/v2\/product_cat?post=643591"},{"taxonomy":"product_tag","embeddable":true,"href":"https:\/\/streetmarkets.fr\/app\/wp-json\/wp\/v2\/product_tag?post=643591"}],"curies":[{"name":"wp","href":"https:\/\/api.w.org\/{rel}","templated":true}]}}