{"id":643582,"date":"2024-10-10T12:52:17","date_gmt":"2024-10-10T10:52:17","guid":{"rendered":"https:\/\/streetmarkets.fr\/app\/produit\/t-shirt-enfant-imprime-petit-parisien-blanc\/"},"modified":"2024-10-16T00:27:34","modified_gmt":"2024-10-15T22:27:34","slug":"t-shirt-enfant-imprime-petit-parisien-blanc","status":"publish","type":"product","link":"https:\/\/streetmarkets.fr\/app\/produit\/t-shirt-enfant-imprime-petit-parisien-blanc\/","title":{"rendered":"T-shirt Enfant imprim\u00e9 Petit Parisien &#8211; Blanc"},"content":{"rendered":"<p>Avec notre t-shirt\u00a0iconique, laissez votre enfant faire son<span data-mce-fragment=\"1\">\u00a0<strong>Petit<\/strong>\u00a0<\/span><strong data-mce-fragment=\"1\">Parisien <\/strong>!<\/p>\n<p data-mce-fragment=\"1\">Il est unisexe, en\u00a0<strong data-mce-fragment=\"1\">coton bio\u00a0<\/strong>et enti\u00e8rement con\u00e7u et imprim\u00e9\u00a0dans\u00a0notre atelier parisien<\/p>\n<p data-mce-fragment=\"1\">Son impression\u00a0exclusive, inspir\u00e9e<span data-mce-fragment=\"1\">\u00a0<\/span>du<strong data-mce-fragment=\"1\">\u00a0<\/strong>m\u00e9tro parisien, lui\u00a0permettra d&#8217;afficher fi\u00e8rement\u00a0son amour pour Paris et cr\u00e9er&#8230;<\/p>\n<p data-mce-fragment=\"1\"><strong data-mce-fragment=\"1\">Un\u00a0style 100 % capitale<\/strong><\/p>\n<p data-mce-fragment=\"1\">Nos\u00a0t-shirts taillent normalement, nous vous recommandons de choisir\u00a0sa taille habituelle.<\/p>\n","protected":false},"excerpt":{"rendered":"<p>Avec notre t-shirt\u00a0iconique, laissez votre enfant faire son\u00a0Petit\u00a0Parisien ! Il est unisexe, en\u00a0coton bio\u00a0et enti\u00e8rement con\u00e7u et imprim\u00e9\u00a0dans\u00a0notre atelier parisien Son impression\u00a0exclusive, inspir\u00e9e\u00a0du\u00a0m\u00e9tro parisien, lui\u00a0permettra d&#8217;afficher fi\u00e8rement\u00a0son amour pour Paris et cr\u00e9er&#8230; Un\u00a0style 100 % capitale Nos\u00a0t-shirts taillent normalement, nous vous recommandons de choisir\u00a0sa taille habituelle.<\/p>\n","protected":false},"featured_media":643583,"comment_status":"open","ping_status":"closed","template":"","meta":[],"product_brand":[],"product_cat":[1756,1762],"product_tag":[],"acf":[],"_links":{"self":[{"href":"https:\/\/streetmarkets.fr\/app\/wp-json\/wp\/v2\/product\/643582"}],"collection":[{"href":"https:\/\/streetmarkets.fr\/app\/wp-json\/wp\/v2\/product"}],"about":[{"href":"https:\/\/streetmarkets.fr\/app\/wp-json\/wp\/v2\/types\/product"}],"replies":[{"embeddable":true,"href":"https:\/\/streetmarkets.fr\/app\/wp-json\/wp\/v2\/comments?post=643582"}],"wp:featuredmedia":[{"embeddable":true,"href":"https:\/\/streetmarkets.fr\/app\/wp-json\/wp\/v2\/media\/643583"}],"wp:attachment":[{"href":"https:\/\/streetmarkets.fr\/app\/wp-json\/wp\/v2\/media?parent=643582"}],"wp:term":[{"taxonomy":"product_brand","embeddable":true,"href":"https:\/\/streetmarkets.fr\/app\/wp-json\/wp\/v2\/product_brand?post=643582"},{"taxonomy":"product_cat","embeddable":true,"href":"https:\/\/streetmarkets.fr\/app\/wp-json\/wp\/v2\/product_cat?post=643582"},{"taxonomy":"product_tag","embeddable":true,"href":"https:\/\/streetmarkets.fr\/app\/wp-json\/wp\/v2\/product_tag?post=643582"}],"curies":[{"name":"wp","href":"https:\/\/api.w.org\/{rel}","templated":true}]}}