{"id":643562,"date":"2024-10-10T12:52:16","date_gmt":"2024-10-10T10:52:16","guid":{"rendered":"https:\/\/streetmarkets.fr\/app\/produit\/broche-le-marais-vert\/"},"modified":"2024-10-16T00:27:22","modified_gmt":"2024-10-15T22:27:22","slug":"broche-le-marais-vert","status":"publish","type":"product","link":"https:\/\/streetmarkets.fr\/app\/produit\/broche-le-marais-vert\/","title":{"rendered":"Broche Le Marais &#8211; Vert"},"content":{"rendered":"<p data-mce-fragment=\"1\">Avec notre\u00a0broche iconique<span data-mce-fragment=\"1\"> <strong data-mce-fragment=\"1\">Le Marais<\/strong>,\u00a0soyez fier(e) de qui vous \u00eates<\/span><\/p>\n<p data-mce-fragment=\"1\">Enti\u00e8rement r\u00e9alis\u00e9e \u00e0 la main, elle ornera avec classe tous vos v\u00eatements<\/p>\n<p data-mce-fragment=\"1\">Sa broderie exclusive s&#8217;inspire du<strong data-mce-fragment=\"1\">\u00a0<\/strong>m\u00e9tro parisien et vous permettra d&#8217;afficher fi\u00e8rement votre amour pour Paris et cr\u00e9er\u2026<\/p>\n<p data-mce-fragment=\"1\"><strong data-mce-fragment=\"1\">Un\u00a0style 100 % capitale<\/strong><\/p>\n<p data-mce-fragment=\"1\"><\/p>\n","protected":false},"excerpt":{"rendered":"<p>Avec notre\u00a0broche iconique Le Marais,\u00a0soyez fier(e) de qui vous \u00eates Enti\u00e8rement r\u00e9alis\u00e9e \u00e0 la main, elle ornera avec classe tous vos v\u00eatements Sa broderie exclusive s&#8217;inspire du\u00a0m\u00e9tro parisien et vous permettra d&#8217;afficher fi\u00e8rement votre amour pour Paris et cr\u00e9er\u2026 Un\u00a0style 100 % capitale<\/p>\n","protected":false},"featured_media":643563,"comment_status":"open","ping_status":"closed","template":"","meta":[],"product_brand":[],"product_cat":[1807,1756],"product_tag":[],"acf":[],"_links":{"self":[{"href":"https:\/\/streetmarkets.fr\/app\/wp-json\/wp\/v2\/product\/643562"}],"collection":[{"href":"https:\/\/streetmarkets.fr\/app\/wp-json\/wp\/v2\/product"}],"about":[{"href":"https:\/\/streetmarkets.fr\/app\/wp-json\/wp\/v2\/types\/product"}],"replies":[{"embeddable":true,"href":"https:\/\/streetmarkets.fr\/app\/wp-json\/wp\/v2\/comments?post=643562"}],"wp:featuredmedia":[{"embeddable":true,"href":"https:\/\/streetmarkets.fr\/app\/wp-json\/wp\/v2\/media\/643563"}],"wp:attachment":[{"href":"https:\/\/streetmarkets.fr\/app\/wp-json\/wp\/v2\/media?parent=643562"}],"wp:term":[{"taxonomy":"product_brand","embeddable":true,"href":"https:\/\/streetmarkets.fr\/app\/wp-json\/wp\/v2\/product_brand?post=643562"},{"taxonomy":"product_cat","embeddable":true,"href":"https:\/\/streetmarkets.fr\/app\/wp-json\/wp\/v2\/product_cat?post=643562"},{"taxonomy":"product_tag","embeddable":true,"href":"https:\/\/streetmarkets.fr\/app\/wp-json\/wp\/v2\/product_tag?post=643562"}],"curies":[{"name":"wp","href":"https:\/\/api.w.org\/{rel}","templated":true}]}}