{"id":643520,"date":"2024-10-10T12:52:15","date_gmt":"2024-10-10T10:52:15","guid":{"rendered":"https:\/\/streetmarkets.fr\/app\/produit\/bracelet-jonc-liberte\/"},"modified":"2024-10-16T00:27:22","modified_gmt":"2024-10-15T22:27:22","slug":"bracelet-jonc-liberte","status":"publish","type":"product","link":"https:\/\/streetmarkets.fr\/app\/produit\/bracelet-jonc-liberte\/","title":{"rendered":"Bracelet jonc Libert\u00e9"},"content":{"rendered":"<p class=\"p1\" data-mce-fragment=\"1\">Vous portez la Libert\u00e9\u00a0dans votre coeur ?<span class=\"Apple-converted-space\" data-mce-fragment=\"1\">\u00a0<\/span><br \/><b data-mce-fragment=\"1\"><\/b><\/p>\n<p class=\"p2\" data-mce-fragment=\"1\">Affichez votre style 100% capitale en arborant nos bracelets r\u00e9glables made in France<span class=\"Apple-converted-space\" data-mce-fragment=\"1\">\u00a0<\/span><\/p>\n<p class=\"p2\" data-mce-fragment=\"1\">&#8211; Base laiton<\/p>\n<p class=\"p2\" data-mce-fragment=\"1\">&#8211; Bracelet mixte<\/p>\n<p class=\"p2\" data-mce-fragment=\"1\">&#8211; Dor\u00e9 \u00e0 l\u2019or fin ou plaqu\u00e9 argent.<\/p>\n<p class=\"p2\" data-mce-fragment=\"1\">&#8211; Chaque bracelet est livr\u00e9 dans son \u00e9crin Le Bijou Parisien<span class=\"Apple-converted-space\" data-mce-fragment=\"1\">\u00a0<\/span><\/p>\n","protected":false},"excerpt":{"rendered":"<p>Vous portez la Libert\u00e9\u00a0dans votre coeur ?\u00a0 Affichez votre style 100% capitale en arborant nos bracelets r\u00e9glables made in France\u00a0 &#8211; Base laiton &#8211; Bracelet mixte &#8211; Dor\u00e9 \u00e0 l\u2019or fin ou plaqu\u00e9 argent. &#8211; Chaque bracelet est livr\u00e9 dans son \u00e9crin Le Bijou Parisien\u00a0<\/p>\n","protected":false},"featured_media":643521,"comment_status":"open","ping_status":"closed","template":"","meta":[],"product_brand":[],"product_cat":[1807,1756],"product_tag":[],"acf":[],"_links":{"self":[{"href":"https:\/\/streetmarkets.fr\/app\/wp-json\/wp\/v2\/product\/643520"}],"collection":[{"href":"https:\/\/streetmarkets.fr\/app\/wp-json\/wp\/v2\/product"}],"about":[{"href":"https:\/\/streetmarkets.fr\/app\/wp-json\/wp\/v2\/types\/product"}],"replies":[{"embeddable":true,"href":"https:\/\/streetmarkets.fr\/app\/wp-json\/wp\/v2\/comments?post=643520"}],"wp:featuredmedia":[{"embeddable":true,"href":"https:\/\/streetmarkets.fr\/app\/wp-json\/wp\/v2\/media\/643521"}],"wp:attachment":[{"href":"https:\/\/streetmarkets.fr\/app\/wp-json\/wp\/v2\/media?parent=643520"}],"wp:term":[{"taxonomy":"product_brand","embeddable":true,"href":"https:\/\/streetmarkets.fr\/app\/wp-json\/wp\/v2\/product_brand?post=643520"},{"taxonomy":"product_cat","embeddable":true,"href":"https:\/\/streetmarkets.fr\/app\/wp-json\/wp\/v2\/product_cat?post=643520"},{"taxonomy":"product_tag","embeddable":true,"href":"https:\/\/streetmarkets.fr\/app\/wp-json\/wp\/v2\/product_tag?post=643520"}],"curies":[{"name":"wp","href":"https:\/\/api.w.org\/{rel}","templated":true}]}}