{"id":643508,"date":"2024-10-10T12:51:46","date_gmt":"2024-10-10T10:51:46","guid":{"rendered":"https:\/\/streetmarkets.fr\/app\/produit\/bracelet-jonc-paris\/"},"modified":"2024-10-16T00:27:21","modified_gmt":"2024-10-15T22:27:21","slug":"bracelet-jonc-paris","status":"publish","type":"product","link":"https:\/\/streetmarkets.fr\/app\/produit\/bracelet-jonc-paris\/","title":{"rendered":"Bracelet jonc Paris"},"content":{"rendered":"<p class=\"p1\" data-mce-fragment=\"1\">Vous portez Paris dans votre coeur ?<span class=\"Apple-converted-space\" data-mce-fragment=\"1\">\u00a0<\/span><br \/><b data-mce-fragment=\"1\"><\/b><\/p>\n<p class=\"p2\" data-mce-fragment=\"1\">Affichez votre style 100% capitale en arborant nos bracelets r\u00e9glables made in France<span class=\"Apple-converted-space\" data-mce-fragment=\"1\">\u00a0<\/span><\/p>\n<p class=\"p2\" data-mce-fragment=\"1\">&#8211; Base laiton<\/p>\n<p class=\"p2\" data-mce-fragment=\"1\">&#8211; Dor\u00e9 \u00e0 l\u2019or fin ou plaqu\u00e9 argent.<\/p>\n<p class=\"p2\" data-mce-fragment=\"1\">&#8211; Chaque bracelet est livr\u00e9 dans son \u00e9crin Le Bijou Parisien<span class=\"Apple-converted-space\" data-mce-fragment=\"1\">\u00a0<\/span><\/p>\n","protected":false},"excerpt":{"rendered":"<p>Vous portez Paris dans votre coeur ?\u00a0 Affichez votre style 100% capitale en arborant nos bracelets r\u00e9glables made in France\u00a0 &#8211; Base laiton &#8211; Dor\u00e9 \u00e0 l\u2019or fin ou plaqu\u00e9 argent. &#8211; Chaque bracelet est livr\u00e9 dans son \u00e9crin Le Bijou Parisien\u00a0<\/p>\n","protected":false},"featured_media":643509,"comment_status":"open","ping_status":"closed","template":"","meta":[],"product_brand":[],"product_cat":[1807,1756],"product_tag":[],"acf":[],"_links":{"self":[{"href":"https:\/\/streetmarkets.fr\/app\/wp-json\/wp\/v2\/product\/643508"}],"collection":[{"href":"https:\/\/streetmarkets.fr\/app\/wp-json\/wp\/v2\/product"}],"about":[{"href":"https:\/\/streetmarkets.fr\/app\/wp-json\/wp\/v2\/types\/product"}],"replies":[{"embeddable":true,"href":"https:\/\/streetmarkets.fr\/app\/wp-json\/wp\/v2\/comments?post=643508"}],"wp:featuredmedia":[{"embeddable":true,"href":"https:\/\/streetmarkets.fr\/app\/wp-json\/wp\/v2\/media\/643509"}],"wp:attachment":[{"href":"https:\/\/streetmarkets.fr\/app\/wp-json\/wp\/v2\/media?parent=643508"}],"wp:term":[{"taxonomy":"product_brand","embeddable":true,"href":"https:\/\/streetmarkets.fr\/app\/wp-json\/wp\/v2\/product_brand?post=643508"},{"taxonomy":"product_cat","embeddable":true,"href":"https:\/\/streetmarkets.fr\/app\/wp-json\/wp\/v2\/product_cat?post=643508"},{"taxonomy":"product_tag","embeddable":true,"href":"https:\/\/streetmarkets.fr\/app\/wp-json\/wp\/v2\/product_tag?post=643508"}],"curies":[{"name":"wp","href":"https:\/\/api.w.org\/{rel}","templated":true}]}}