{"id":643479,"date":"2024-10-10T12:51:45","date_gmt":"2024-10-10T10:51:45","guid":{"rendered":"https:\/\/streetmarkets.fr\/app\/produit\/t-shirt-enfant-imprime-petite-parisienne-ecru\/"},"modified":"2024-10-16T00:27:21","modified_gmt":"2024-10-15T22:27:21","slug":"t-shirt-enfant-imprime-petite-parisienne-ecru","status":"publish","type":"product","link":"https:\/\/streetmarkets.fr\/app\/produit\/t-shirt-enfant-imprime-petite-parisienne-ecru\/","title":{"rendered":"T-shirt Enfant imprim\u00e9 Petite Parisienne &#8211; Ecru"},"content":{"rendered":"<p>Avec notre t-shirt\u00a0iconique<span data-mce-fragment=\"1\">, laissez votre enfant faire sa<\/span><span data-mce-fragment=\"1\">\u00a0<\/span><span data-mce-fragment=\"1\"><strong>Petite<\/strong>\u00a0<\/span><strong data-mce-fragment=\"1\">Parisienne\u00a0<\/strong>!<\/p>\n<p data-mce-fragment=\"1\">Il est\u00a0Unisexe, en\u00a0<strong data-mce-fragment=\"1\">coton bio\u00a0<\/strong>et enti\u00e8rement con\u00e7u et imprim\u00e9\u00a0dans\u00a0notre atelier parisien<\/p>\n<p data-mce-fragment=\"1\">Son impression\u00a0exclusive, inspir\u00e9e<span data-mce-fragment=\"1\">\u00a0<\/span>du<strong data-mce-fragment=\"1\">\u00a0<\/strong>m\u00e9tro parisien, lui\u00a0permettra d&#8217;afficher fi\u00e8rement\u00a0son amour pour Paris et cr\u00e9er&#8230;<\/p>\n<p data-mce-fragment=\"1\"><strong data-mce-fragment=\"1\">Un\u00a0style 100 % capitale<\/strong><\/p>\n<p data-mce-fragment=\"1\">Nos\u00a0t-shirts taillent normalement, nous vous recommandons de choisir\u00a0sa taille habituelle.<\/p>\n","protected":false},"excerpt":{"rendered":"<p>Avec notre t-shirt\u00a0iconique, laissez votre enfant faire sa\u00a0Petite\u00a0Parisienne\u00a0! Il est\u00a0Unisexe, en\u00a0coton bio\u00a0et enti\u00e8rement con\u00e7u et imprim\u00e9\u00a0dans\u00a0notre atelier parisien Son impression\u00a0exclusive, inspir\u00e9e\u00a0du\u00a0m\u00e9tro parisien, lui\u00a0permettra d&#8217;afficher fi\u00e8rement\u00a0son amour pour Paris et cr\u00e9er&#8230; Un\u00a0style 100 % capitale Nos\u00a0t-shirts taillent normalement, nous vous recommandons de choisir\u00a0sa taille habituelle.<\/p>\n","protected":false},"featured_media":643480,"comment_status":"open","ping_status":"closed","template":"","meta":[],"product_brand":[],"product_cat":[1756,1758],"product_tag":[],"acf":[],"_links":{"self":[{"href":"https:\/\/streetmarkets.fr\/app\/wp-json\/wp\/v2\/product\/643479"}],"collection":[{"href":"https:\/\/streetmarkets.fr\/app\/wp-json\/wp\/v2\/product"}],"about":[{"href":"https:\/\/streetmarkets.fr\/app\/wp-json\/wp\/v2\/types\/product"}],"replies":[{"embeddable":true,"href":"https:\/\/streetmarkets.fr\/app\/wp-json\/wp\/v2\/comments?post=643479"}],"wp:featuredmedia":[{"embeddable":true,"href":"https:\/\/streetmarkets.fr\/app\/wp-json\/wp\/v2\/media\/643480"}],"wp:attachment":[{"href":"https:\/\/streetmarkets.fr\/app\/wp-json\/wp\/v2\/media?parent=643479"}],"wp:term":[{"taxonomy":"product_brand","embeddable":true,"href":"https:\/\/streetmarkets.fr\/app\/wp-json\/wp\/v2\/product_brand?post=643479"},{"taxonomy":"product_cat","embeddable":true,"href":"https:\/\/streetmarkets.fr\/app\/wp-json\/wp\/v2\/product_cat?post=643479"},{"taxonomy":"product_tag","embeddable":true,"href":"https:\/\/streetmarkets.fr\/app\/wp-json\/wp\/v2\/product_tag?post=643479"}],"curies":[{"name":"wp","href":"https:\/\/api.w.org\/{rel}","templated":true}]}}