{"id":643437,"date":"2024-10-10T12:51:44","date_gmt":"2024-10-10T10:51:44","guid":{"rendered":"https:\/\/streetmarkets.fr\/app\/produit\/tote-bag-imprime-liberte-ecru\/"},"modified":"2024-10-16T00:27:20","modified_gmt":"2024-10-15T22:27:20","slug":"tote-bag-imprime-liberte-ecru","status":"publish","type":"product","link":"https:\/\/streetmarkets.fr\/app\/produit\/tote-bag-imprime-liberte-ecru\/","title":{"rendered":"Tote Bag Imprim\u00e9 Libert\u00e9 &#8211; Ecru"},"content":{"rendered":"<p data-mce-fragment=\"1\">Avec notre Tote bag\u00a0iconique<span data-mce-fragment=\"1\">\u00a0<\/span><strong data-mce-fragment=\"1\">Libert\u00e9<\/strong>, assumez votre audace !<\/p>\n<p data-mce-fragment=\"1\">En\u00a0<strong>coton recycl\u00e9\u00a0<\/strong>et enti\u00e8rement con\u00e7u et <span data-mce-fragment=\"1\">imprim<\/span>\u00e9 dans\u00a0notre atelier parisien<\/p>\n<p data-mce-fragment=\"1\">Son\u00a0impression\u00a0exclusive s&#8217;inspire du<strong data-mce-fragment=\"1\">\u00a0<\/strong>m\u00e9tro parisien et vous permettra d&#8217;afficher fi\u00e8rement votre amour pour Paris et cr\u00e9er\u2026<\/p>\n<p data-mce-fragment=\"1\"><strong data-mce-fragment=\"1\">Un\u00a0style 100 % capitale<\/strong><\/p>\n<p data-mce-fragment=\"1\">\u00a0<\/p>\n","protected":false},"excerpt":{"rendered":"<p>Avec notre Tote bag\u00a0iconique\u00a0Libert\u00e9, assumez votre audace ! En\u00a0coton recycl\u00e9\u00a0et enti\u00e8rement con\u00e7u et imprim\u00e9 dans\u00a0notre atelier parisien Son\u00a0impression\u00a0exclusive s&#8217;inspire du\u00a0m\u00e9tro parisien et vous permettra d&#8217;afficher fi\u00e8rement votre amour pour Paris et cr\u00e9er\u2026 Un\u00a0style 100 % capitale \u00a0<\/p>\n","protected":false},"featured_media":643438,"comment_status":"open","ping_status":"closed","template":"","meta":[],"product_brand":[],"product_cat":[1756,1764],"product_tag":[],"acf":[],"_links":{"self":[{"href":"https:\/\/streetmarkets.fr\/app\/wp-json\/wp\/v2\/product\/643437"}],"collection":[{"href":"https:\/\/streetmarkets.fr\/app\/wp-json\/wp\/v2\/product"}],"about":[{"href":"https:\/\/streetmarkets.fr\/app\/wp-json\/wp\/v2\/types\/product"}],"replies":[{"embeddable":true,"href":"https:\/\/streetmarkets.fr\/app\/wp-json\/wp\/v2\/comments?post=643437"}],"wp:featuredmedia":[{"embeddable":true,"href":"https:\/\/streetmarkets.fr\/app\/wp-json\/wp\/v2\/media\/643438"}],"wp:attachment":[{"href":"https:\/\/streetmarkets.fr\/app\/wp-json\/wp\/v2\/media?parent=643437"}],"wp:term":[{"taxonomy":"product_brand","embeddable":true,"href":"https:\/\/streetmarkets.fr\/app\/wp-json\/wp\/v2\/product_brand?post=643437"},{"taxonomy":"product_cat","embeddable":true,"href":"https:\/\/streetmarkets.fr\/app\/wp-json\/wp\/v2\/product_cat?post=643437"},{"taxonomy":"product_tag","embeddable":true,"href":"https:\/\/streetmarkets.fr\/app\/wp-json\/wp\/v2\/product_tag?post=643437"}],"curies":[{"name":"wp","href":"https:\/\/api.w.org\/{rel}","templated":true}]}}