{"id":643404,"date":"2024-10-10T12:51:44","date_gmt":"2024-10-10T10:51:44","guid":{"rendered":"https:\/\/streetmarkets.fr\/app\/produit\/pochette-imprimee-paris-ecrue\/"},"modified":"2024-10-16T00:27:09","modified_gmt":"2024-10-15T22:27:09","slug":"pochette-imprimee-paris-ecrue","status":"publish","type":"product","link":"https:\/\/streetmarkets.fr\/app\/produit\/pochette-imprimee-paris-ecrue\/","title":{"rendered":"Pochette Imprim\u00e9e Paris &#8211; Ecrue"},"content":{"rendered":"<p data-mce-fragment=\"1\">Avec notre\u00a0Pochette iconique<span data-mce-fragment=\"1\">\u00a0<\/span><strong data-mce-fragment=\"1\">Paris<\/strong>, allez \u00e0 l\u2019essentiel !<\/p>\n<p data-mce-fragment=\"1\">En\u00a0<strong>coton recycl\u00e9\u00a0<\/strong>et enti\u00e8rement con\u00e7ue et <span data-mce-fragment=\"1\">imprim<\/span>\u00e9e dans\u00a0notre atelier parisien<\/p>\n<p data-mce-fragment=\"1\">Son\u00a0impression\u00a0exclusive s&#8217;inspire du<strong data-mce-fragment=\"1\">\u00a0<\/strong>m\u00e9tro parisien et vous permettra d&#8217;afficher fi\u00e8rement votre amour pour Paris et cr\u00e9er\u2026<\/p>\n<p data-mce-fragment=\"1\"><strong data-mce-fragment=\"1\">Un\u00a0style 100 % capitale<\/strong><\/p>\n<p data-mce-fragment=\"1\"><span>Dimensions : 16 cm X 21 cm<\/span><\/p>\n","protected":false},"excerpt":{"rendered":"<p>Avec notre\u00a0Pochette iconique\u00a0Paris, allez \u00e0 l\u2019essentiel ! En\u00a0coton recycl\u00e9\u00a0et enti\u00e8rement con\u00e7ue et imprim\u00e9e dans\u00a0notre atelier parisien Son\u00a0impression\u00a0exclusive s&#8217;inspire du\u00a0m\u00e9tro parisien et vous permettra d&#8217;afficher fi\u00e8rement votre amour pour Paris et cr\u00e9er\u2026 Un\u00a0style 100 % capitale Dimensions : 16 cm X 21 cm<\/p>\n","protected":false},"featured_media":643405,"comment_status":"open","ping_status":"closed","template":"","meta":[],"product_brand":[],"product_cat":[1756,1764],"product_tag":[],"acf":[],"_links":{"self":[{"href":"https:\/\/streetmarkets.fr\/app\/wp-json\/wp\/v2\/product\/643404"}],"collection":[{"href":"https:\/\/streetmarkets.fr\/app\/wp-json\/wp\/v2\/product"}],"about":[{"href":"https:\/\/streetmarkets.fr\/app\/wp-json\/wp\/v2\/types\/product"}],"replies":[{"embeddable":true,"href":"https:\/\/streetmarkets.fr\/app\/wp-json\/wp\/v2\/comments?post=643404"}],"wp:featuredmedia":[{"embeddable":true,"href":"https:\/\/streetmarkets.fr\/app\/wp-json\/wp\/v2\/media\/643405"}],"wp:attachment":[{"href":"https:\/\/streetmarkets.fr\/app\/wp-json\/wp\/v2\/media?parent=643404"}],"wp:term":[{"taxonomy":"product_brand","embeddable":true,"href":"https:\/\/streetmarkets.fr\/app\/wp-json\/wp\/v2\/product_brand?post=643404"},{"taxonomy":"product_cat","embeddable":true,"href":"https:\/\/streetmarkets.fr\/app\/wp-json\/wp\/v2\/product_cat?post=643404"},{"taxonomy":"product_tag","embeddable":true,"href":"https:\/\/streetmarkets.fr\/app\/wp-json\/wp\/v2\/product_tag?post=643404"}],"curies":[{"name":"wp","href":"https:\/\/api.w.org\/{rel}","templated":true}]}}