{"id":643350,"date":"2024-10-10T12:51:22","date_gmt":"2024-10-10T10:51:22","guid":{"rendered":"https:\/\/streetmarkets.fr\/app\/produit\/sweat-brode-st-paul-le-marais-gris-chine\/"},"modified":"2024-10-16T00:27:08","modified_gmt":"2024-10-15T22:27:08","slug":"sweat-brode-st-paul-le-marais-gris-chine","status":"publish","type":"product","link":"https:\/\/streetmarkets.fr\/app\/produit\/sweat-brode-st-paul-le-marais-gris-chine\/","title":{"rendered":"Sweat brod\u00e9 St Paul Le Marais &#8211; Gris Chin\u00e9"},"content":{"rendered":"<p>Avec notre sweat iconique<span><strong>\u00a0St Paul Le Marais<\/strong>, soyez fier(e) de qui vous \u00eates<\/span><\/p>\n<p data-mce-fragment=\"1\">Il est\u00a0Unisexe, en\u00a0<strong data-mce-fragment=\"1\">coton bio\u00a0<\/strong>et enti\u00e8rement con\u00e7u et brod\u00e9 dans\u00a0notre atelier parisien<\/p>\n<p data-mce-fragment=\"1\">Sa broderie exclusive (plus de<span>\u00a050<\/span>\u00a0000 points) s&#8217;inspire du<strong data-mce-fragment=\"1\">\u00a0<\/strong>m\u00e9tro parisien et vous permettra d&#8217;afficher fi\u00e8rement votre amour pour Paris et cr\u00e9er&#8230;<\/p>\n<p data-mce-fragment=\"1\"><strong data-mce-fragment=\"1\">Un\u00a0style 100 % capitale<\/strong><\/p>\n<p data-mce-fragment=\"1\">Nos sweats taillent normalement, nous vous recommandons de choisir votre taille habituelle.<\/p>\n","protected":false},"excerpt":{"rendered":"<p>Avec notre sweat iconique\u00a0St Paul Le Marais, soyez fier(e) de qui vous \u00eates Il est\u00a0Unisexe, en\u00a0coton bio\u00a0et enti\u00e8rement con\u00e7u et brod\u00e9 dans\u00a0notre atelier parisien Sa broderie exclusive (plus de\u00a050\u00a0000 points) s&#8217;inspire du\u00a0m\u00e9tro parisien et vous permettra d&#8217;afficher fi\u00e8rement votre amour pour Paris et cr\u00e9er&#8230; Un\u00a0style 100 % capitale Nos sweats taillent normalement, nous vous recommandons [&hellip;]<\/p>\n","protected":false},"featured_media":643351,"comment_status":"open","ping_status":"closed","template":"","meta":[],"product_brand":[],"product_cat":[1756,1758],"product_tag":[],"acf":[],"_links":{"self":[{"href":"https:\/\/streetmarkets.fr\/app\/wp-json\/wp\/v2\/product\/643350"}],"collection":[{"href":"https:\/\/streetmarkets.fr\/app\/wp-json\/wp\/v2\/product"}],"about":[{"href":"https:\/\/streetmarkets.fr\/app\/wp-json\/wp\/v2\/types\/product"}],"replies":[{"embeddable":true,"href":"https:\/\/streetmarkets.fr\/app\/wp-json\/wp\/v2\/comments?post=643350"}],"wp:featuredmedia":[{"embeddable":true,"href":"https:\/\/streetmarkets.fr\/app\/wp-json\/wp\/v2\/media\/643351"}],"wp:attachment":[{"href":"https:\/\/streetmarkets.fr\/app\/wp-json\/wp\/v2\/media?parent=643350"}],"wp:term":[{"taxonomy":"product_brand","embeddable":true,"href":"https:\/\/streetmarkets.fr\/app\/wp-json\/wp\/v2\/product_brand?post=643350"},{"taxonomy":"product_cat","embeddable":true,"href":"https:\/\/streetmarkets.fr\/app\/wp-json\/wp\/v2\/product_cat?post=643350"},{"taxonomy":"product_tag","embeddable":true,"href":"https:\/\/streetmarkets.fr\/app\/wp-json\/wp\/v2\/product_tag?post=643350"}],"curies":[{"name":"wp","href":"https:\/\/api.w.org\/{rel}","templated":true}]}}