{"id":643110,"date":"2024-10-10T12:51:15","date_gmt":"2024-10-10T10:51:15","guid":{"rendered":"https:\/\/streetmarkets.fr\/app\/produit\/t-shirt-brode-bonne-nouvelle-navy\/"},"modified":"2024-10-16T00:26:48","modified_gmt":"2024-10-15T22:26:48","slug":"t-shirt-brode-bonne-nouvelle-navy","status":"publish","type":"product","link":"https:\/\/streetmarkets.fr\/app\/produit\/t-shirt-brode-bonne-nouvelle-navy\/","title":{"rendered":"T-shirt brod\u00e9 Bonne Nouvelle &#8211; Navy"},"content":{"rendered":"<p>Avec notre t-shirt\u00a0iconique <strong>Bonne Nouvelle<\/strong>, on vous emm\u00e8ne directement sur les Grands Boulevards<\/p>\n<p>Il est\u00a0Unisexe, en\u00a0<strong>coton bio\u00a0<\/strong>et enti\u00e8rement con\u00e7u et brod\u00e9 dans\u00a0notre atelier parisien<\/p>\n<p>Sa broderie exclusive (plus de 50 000 points) s&#8217;inspire du<strong>\u00a0<\/strong>m\u00e9tro parisien et vous permettra d&#8217;afficher fi\u00e8rement votre amour pour Paris et cr\u00e9er&#8230;<\/p>\n<p><strong>Un\u00a0style 100 % capitale<\/strong><\/p>\n<p>Nos\u00a0t-shirts taillent normalement, nous vous recommandons de choisir votre taille habituelle.<\/p>\n<p><\/p>\n","protected":false},"excerpt":{"rendered":"<p>Avec notre t-shirt\u00a0iconique Bonne Nouvelle, on vous emm\u00e8ne directement sur les Grands Boulevards Il est\u00a0Unisexe, en\u00a0coton bio\u00a0et enti\u00e8rement con\u00e7u et brod\u00e9 dans\u00a0notre atelier parisien Sa broderie exclusive (plus de 50 000 points) s&#8217;inspire du\u00a0m\u00e9tro parisien et vous permettra d&#8217;afficher fi\u00e8rement votre amour pour Paris et cr\u00e9er&#8230; Un\u00a0style 100 % capitale Nos\u00a0t-shirts taillent normalement, nous vous [&hellip;]<\/p>\n","protected":false},"featured_media":643111,"comment_status":"open","ping_status":"closed","template":"","meta":[],"product_brand":[],"product_cat":[1756,1758],"product_tag":[],"acf":[],"_links":{"self":[{"href":"https:\/\/streetmarkets.fr\/app\/wp-json\/wp\/v2\/product\/643110"}],"collection":[{"href":"https:\/\/streetmarkets.fr\/app\/wp-json\/wp\/v2\/product"}],"about":[{"href":"https:\/\/streetmarkets.fr\/app\/wp-json\/wp\/v2\/types\/product"}],"replies":[{"embeddable":true,"href":"https:\/\/streetmarkets.fr\/app\/wp-json\/wp\/v2\/comments?post=643110"}],"wp:featuredmedia":[{"embeddable":true,"href":"https:\/\/streetmarkets.fr\/app\/wp-json\/wp\/v2\/media\/643111"}],"wp:attachment":[{"href":"https:\/\/streetmarkets.fr\/app\/wp-json\/wp\/v2\/media?parent=643110"}],"wp:term":[{"taxonomy":"product_brand","embeddable":true,"href":"https:\/\/streetmarkets.fr\/app\/wp-json\/wp\/v2\/product_brand?post=643110"},{"taxonomy":"product_cat","embeddable":true,"href":"https:\/\/streetmarkets.fr\/app\/wp-json\/wp\/v2\/product_cat?post=643110"},{"taxonomy":"product_tag","embeddable":true,"href":"https:\/\/streetmarkets.fr\/app\/wp-json\/wp\/v2\/product_tag?post=643110"}],"curies":[{"name":"wp","href":"https:\/\/api.w.org\/{rel}","templated":true}]}}