{"id":642722,"date":"2024-10-10T12:42:50","date_gmt":"2024-10-10T10:42:50","guid":{"rendered":"https:\/\/streetmarkets.fr\/app\/produit\/ross-suede-overshirt\/"},"modified":"2026-03-16T05:42:21","modified_gmt":"2026-03-16T04:42:21","slug":"ross-suede-overshirt","status":"publish","type":"product","link":"https:\/\/streetmarkets.fr\/app\/produit\/ross-suede-overshirt\/","title":{"rendered":"Ross Suede Overshirt"},"content":{"rendered":"<p><!--td {border: 1px solid #cccccc;}br {mso-data-placement:same-cell;}--><\/p>\n<p><span data-sheets-root=\"1\">Fabriqu\u00e9e en <strong>cuir de ch\u00e8vre su\u00e9d\u00e9<\/strong> avec un <strong>col contrast\u00e9<\/strong>, la surchemise <strong>Ross Suede Overshirt<\/strong> de <strong>Selected <\/strong>apporte une\u00a0<strong>touche chic et rustique<\/strong> \u00e0 votre tenue. Sa fermeture \u00e0 boutons et ses poches \u00e0 rabat allient praticit\u00e9 et style classique. <\/p>\n<p>Id\u00e9alement associ\u00e9e \u00e0 une chemise blanche impeccable et \u00e0 un jean, cette <strong>surchemise polyvalente<\/strong> est parfaite pour une journ\u00e9e d\u00e9contract\u00e9e ou un \u00e9v\u00e9nement smart-casual.<\/p>\n<p>La surchemise en su\u00e8de pr\u00e9sente une fermeture \u00e0 boutons, un <strong>col \u00e9vas\u00e9<\/strong>, des poignets boutonn\u00e9s et des manches longues, garantissant \u00e0 la fois <strong>confort et \u00e9l\u00e9gance<\/strong> dans un design intemporel.<\/span><\/p>\n<p><span data-sheets-root=\"1\">Retrouvez la surchemise <strong>Ross Suede Overshirt<\/strong> de <strong>Selected<\/strong> dans votre boutique pour homme <strong>Harold.\u00a0<\/strong><\/span><\/p>\n","protected":false},"excerpt":{"rendered":"<p>Fabriqu\u00e9e en cuir de ch\u00e8vre su\u00e9d\u00e9 avec un col contrast\u00e9, la surchemise Ross Suede Overshirt de Selected apporte une\u00a0touche chic et rustique \u00e0 votre tenue. Sa fermeture \u00e0 boutons et ses poches \u00e0 rabat allient praticit\u00e9 et style classique. Id\u00e9alement associ\u00e9e \u00e0 une chemise blanche impeccable et \u00e0 un jean, cette surchemise polyvalente est parfaite [&hellip;]<\/p>\n","protected":false},"featured_media":642723,"comment_status":"open","ping_status":"closed","template":"","meta":[],"product_brand":[],"product_cat":[1756,1760],"product_tag":[2244],"acf":[],"_links":{"self":[{"href":"https:\/\/streetmarkets.fr\/app\/wp-json\/wp\/v2\/product\/642722"}],"collection":[{"href":"https:\/\/streetmarkets.fr\/app\/wp-json\/wp\/v2\/product"}],"about":[{"href":"https:\/\/streetmarkets.fr\/app\/wp-json\/wp\/v2\/types\/product"}],"replies":[{"embeddable":true,"href":"https:\/\/streetmarkets.fr\/app\/wp-json\/wp\/v2\/comments?post=642722"}],"wp:featuredmedia":[{"embeddable":true,"href":"https:\/\/streetmarkets.fr\/app\/wp-json\/wp\/v2\/media\/642723"}],"wp:attachment":[{"href":"https:\/\/streetmarkets.fr\/app\/wp-json\/wp\/v2\/media?parent=642722"}],"wp:term":[{"taxonomy":"product_brand","embeddable":true,"href":"https:\/\/streetmarkets.fr\/app\/wp-json\/wp\/v2\/product_brand?post=642722"},{"taxonomy":"product_cat","embeddable":true,"href":"https:\/\/streetmarkets.fr\/app\/wp-json\/wp\/v2\/product_cat?post=642722"},{"taxonomy":"product_tag","embeddable":true,"href":"https:\/\/streetmarkets.fr\/app\/wp-json\/wp\/v2\/product_tag?post=642722"}],"curies":[{"name":"wp","href":"https:\/\/api.w.org\/{rel}","templated":true}]}}