{"id":642706,"date":"2024-10-10T12:42:49","date_gmt":"2024-10-10T10:42:49","guid":{"rendered":"https:\/\/streetmarkets.fr\/app\/produit\/archive-bomber-suede-jacket\/"},"modified":"2026-03-16T05:42:21","modified_gmt":"2026-03-16T04:42:21","slug":"archive-bomber-suede-jacket","status":"publish","type":"product","link":"https:\/\/streetmarkets.fr\/app\/produit\/archive-bomber-suede-jacket\/","title":{"rendered":"Archive Bomber Suede Jacket"},"content":{"rendered":"<p><!--td {border: 1px solid #cccccc;}br {mso-data-placement:same-cell;}--><\/p>\n<p><span data-sheets-root=\"1\">Un <strong>cuir souple<\/strong> pour un choix sur le long terme : chaque garde-robe a besoin d&#8217;une veste en cuir <strong>Archive Bomber Suede Jacket<\/strong> qui transcende les tendances, ann\u00e9e apr\u00e8s ann\u00e9e.\u00a0<\/p>\n<p>Ce bomber de la marque <strong>Selected <\/strong>est habilement con\u00e7u, dans un cuir de ch\u00e8vre souple et velout\u00e9. Il est dot\u00e9 d&#8217;une <strong>fermeture \u00e9clair \u00e0 double sens<\/strong> d&#8217;inspiration sportive qui apporte une touche moderne \u00e0 cette pi\u00e8ce classique intemporelle.\u00a0<\/p>\n<p><strong>Enti\u00e8rement doubl\u00e9<\/strong> et dot\u00e9 d&#8217;une coupe fusel\u00e9e pour mettre en valeur votre silhouette naturelle, ce bomber a \u00e9t\u00e9 con\u00e7u dans un souci de qualit\u00e9 et vous donnera un <strong>look incroyable<\/strong> pour les saisons \u00e0 venir. Pour le style, superposez un t-shirt basique \u00e0 un pantalon ajust\u00e9 et compl\u00e9tez le look avec vos baskets pr\u00e9f\u00e9r\u00e9es.<\/p>\n<p>La veste pr\u00e9sente un <strong>col baseball<\/strong>, des <strong>\u00e9paules classiques<\/strong>, des <strong>manches longues<\/strong>, des bordures c\u00f4tel\u00e9es et deux poches lat\u00e9rales obliques avec fermeture par bouton pression. La doublure est orn\u00e9e d&#8217;un logo.<\/span><\/p>\n<p><span data-sheets-root=\"1\">Venez l&#8217;essayer dans votre boutique pour homme : <strong>Harold,<\/strong> \u00e0 Paris.<\/span><\/p>\n","protected":false},"excerpt":{"rendered":"<p>Un cuir souple pour un choix sur le long terme : chaque garde-robe a besoin d&#8217;une veste en cuir Archive Bomber Suede Jacket qui transcende les tendances, ann\u00e9e apr\u00e8s ann\u00e9e.\u00a0 Ce bomber de la marque Selected est habilement con\u00e7u, dans un cuir de ch\u00e8vre souple et velout\u00e9. Il est dot\u00e9 d&#8217;une fermeture \u00e9clair \u00e0 double [&hellip;]<\/p>\n","protected":false},"featured_media":642707,"comment_status":"open","ping_status":"closed","template":"","meta":[],"product_brand":[],"product_cat":[1756,1760],"product_tag":[2244],"acf":[],"_links":{"self":[{"href":"https:\/\/streetmarkets.fr\/app\/wp-json\/wp\/v2\/product\/642706"}],"collection":[{"href":"https:\/\/streetmarkets.fr\/app\/wp-json\/wp\/v2\/product"}],"about":[{"href":"https:\/\/streetmarkets.fr\/app\/wp-json\/wp\/v2\/types\/product"}],"replies":[{"embeddable":true,"href":"https:\/\/streetmarkets.fr\/app\/wp-json\/wp\/v2\/comments?post=642706"}],"wp:featuredmedia":[{"embeddable":true,"href":"https:\/\/streetmarkets.fr\/app\/wp-json\/wp\/v2\/media\/642707"}],"wp:attachment":[{"href":"https:\/\/streetmarkets.fr\/app\/wp-json\/wp\/v2\/media?parent=642706"}],"wp:term":[{"taxonomy":"product_brand","embeddable":true,"href":"https:\/\/streetmarkets.fr\/app\/wp-json\/wp\/v2\/product_brand?post=642706"},{"taxonomy":"product_cat","embeddable":true,"href":"https:\/\/streetmarkets.fr\/app\/wp-json\/wp\/v2\/product_cat?post=642706"},{"taxonomy":"product_tag","embeddable":true,"href":"https:\/\/streetmarkets.fr\/app\/wp-json\/wp\/v2\/product_tag?post=642706"}],"curies":[{"name":"wp","href":"https:\/\/api.w.org\/{rel}","templated":true}]}}