{"id":642675,"date":"2024-10-10T12:42:30","date_gmt":"2024-10-10T10:42:30","guid":{"rendered":"https:\/\/streetmarkets.fr\/app\/produit\/regular-bow-donegal-waistcoat\/"},"modified":"2026-03-16T05:42:21","modified_gmt":"2026-03-16T04:42:21","slug":"regular-bow-donegal-waistcoat","status":"publish","type":"product","link":"https:\/\/streetmarkets.fr\/app\/produit\/regular-bow-donegal-waistcoat\/","title":{"rendered":"Regular Bow Donegal Waistcoat"},"content":{"rendered":"<p><!--td {border: 1px solid #cccccc;}br {mso-data-placement:same-cell;}--><\/p>\n<p><span data-sheets-root=\"1\">Investissez dans l&#8217;<strong>\u00e9l\u00e9gance<\/strong> et la <strong>durabilit\u00e9 <\/strong>avec ce <strong>gilet en laine m\u00e9lang\u00e9e<\/strong> de premi\u00e8re qualit\u00e9 : <strong>Regular Bow Donegal Waistcoat<\/strong>.<\/span><\/p>\n<p><span data-sheets-root=\"1\">Con\u00e7u <strong>sans manches<\/strong> avec une <strong>coupe classique<\/strong>, il est fabriqu\u00e9 \u00e0 partir de laine recycl\u00e9e, offrant r\u00e9sistance et chaleur, tout en promettant une parfaite respirabilit\u00e9.\u00a0<\/p>\n<p>Le gilet pr\u00e9sente un <strong>col en V<\/strong> et un <strong>boutonnage sur le devant<\/strong>, tandis que les poches frontales \u00e0 rabat ajoutent une touche pratique et \u00e9l\u00e9gante. Le <strong>dos en satin<\/strong> compl\u00e8te le design raffin\u00e9. Ce gilet est une partie incontournable du <strong>costume trois-pi\u00e8ces<\/strong> lorsqu&#8217;il est assorti au pantalon et au blazer de la collection\u00a0<strong>Regular Bow Donegal<\/strong>. Pour un look impeccable, associez-le \u00e0 une chemise soign\u00e9e, une cravate en soie et des chaussures en cuir.<br \/><\/span><\/p>\n<p><span data-sheets-root=\"1\">Il est en vente d\u00e8s maintenant dans votre boutique multimarque sp\u00e9cialis\u00e9e dans la mode masculine \u00e0 Paris : <strong>Harold<\/strong>.<\/span><\/p>\n","protected":false},"excerpt":{"rendered":"<p>Investissez dans l&#8217;\u00e9l\u00e9gance et la durabilit\u00e9 avec ce gilet en laine m\u00e9lang\u00e9e de premi\u00e8re qualit\u00e9 : Regular Bow Donegal Waistcoat. Con\u00e7u sans manches avec une coupe classique, il est fabriqu\u00e9 \u00e0 partir de laine recycl\u00e9e, offrant r\u00e9sistance et chaleur, tout en promettant une parfaite respirabilit\u00e9.\u00a0 Le gilet pr\u00e9sente un col en V et un boutonnage [&hellip;]<\/p>\n","protected":false},"featured_media":642676,"comment_status":"open","ping_status":"closed","template":"","meta":[],"product_brand":[],"product_cat":[1756,1760],"product_tag":[2244],"acf":[],"_links":{"self":[{"href":"https:\/\/streetmarkets.fr\/app\/wp-json\/wp\/v2\/product\/642675"}],"collection":[{"href":"https:\/\/streetmarkets.fr\/app\/wp-json\/wp\/v2\/product"}],"about":[{"href":"https:\/\/streetmarkets.fr\/app\/wp-json\/wp\/v2\/types\/product"}],"replies":[{"embeddable":true,"href":"https:\/\/streetmarkets.fr\/app\/wp-json\/wp\/v2\/comments?post=642675"}],"wp:featuredmedia":[{"embeddable":true,"href":"https:\/\/streetmarkets.fr\/app\/wp-json\/wp\/v2\/media\/642676"}],"wp:attachment":[{"href":"https:\/\/streetmarkets.fr\/app\/wp-json\/wp\/v2\/media?parent=642675"}],"wp:term":[{"taxonomy":"product_brand","embeddable":true,"href":"https:\/\/streetmarkets.fr\/app\/wp-json\/wp\/v2\/product_brand?post=642675"},{"taxonomy":"product_cat","embeddable":true,"href":"https:\/\/streetmarkets.fr\/app\/wp-json\/wp\/v2\/product_cat?post=642675"},{"taxonomy":"product_tag","embeddable":true,"href":"https:\/\/streetmarkets.fr\/app\/wp-json\/wp\/v2\/product_tag?post=642675"}],"curies":[{"name":"wp","href":"https:\/\/api.w.org\/{rel}","templated":true}]}}