{"id":642650,"date":"2024-10-10T12:42:29","date_gmt":"2024-10-10T10:42:29","guid":{"rendered":"https:\/\/streetmarkets.fr\/app\/produit\/regular-bow-donegal-trousers\/"},"modified":"2026-03-16T05:42:21","modified_gmt":"2026-03-16T04:42:21","slug":"regular-bow-donegal-trousers","status":"publish","type":"product","link":"https:\/\/streetmarkets.fr\/app\/produit\/regular-bow-donegal-trousers\/","title":{"rendered":"Regular Bow Donegal Trousers"},"content":{"rendered":"<p><!--td {border: 1px solid #cccccc;}br {mso-data-placement:same-cell;}--><\/p>\n<p><span data-sheets-root=\"1\">Offrez vous un <strong>costume<\/strong> qui a du style ! C&#8217;est le cas du <strong>pantalon Regular Bow Donegal<\/strong> de la marque <strong>Selected<\/strong>, con\u00e7u en laine m\u00e9lang\u00e9e de premi\u00e8re qualit\u00e9. Son <strong>design pointu et ajust\u00e9<\/strong> est accentu\u00e9 par des plis marqu\u00e9s au centre qui ajoutent une touche sophistiqu\u00e9e \u00e0 votre look. Fabriqu\u00e9 \u00e0 partir de <strong>laine recycl\u00e9e<\/strong>, il allie \u00e0 la fois r\u00e9sistance et chaleur, tout en offrant une excellente respirabilit\u00e9.<\/p>\n<p>Avec une<strong> taille mi-haute<\/strong> et une <strong>coupe slim<\/strong>, il assure un<strong> ajustement moderne et \u00e9l\u00e9gant<\/strong>. La <strong>braguette zipp\u00e9e<\/strong> avec <strong>fermeture \u00e0 bouton rivet<\/strong>, la ceinture \u00e9largie, et les passants de ceinture ajoutent des d\u00e9tails fonctionnels. Il poss\u00e8de des poches lat\u00e9rales et des poches arri\u00e8re boutonn\u00e9es qui permettent de ranger vos effets personnels, tandis que les plis marqu\u00e9s au centre renforcent son design raffin\u00e9.<\/p>\n<p>Ce pantalon se porte id\u00e9alement en <strong>costume trois-pi\u00e8ces<\/strong> avec le gilet et le blazer assortis de la m\u00eame collection. Compl\u00e9tez le look avec une chemise habill\u00e9e, une cravate en laine et des chaussures en cuir pour un ensemble impeccablement coordonn\u00e9.<br \/><\/span><\/p>\n","protected":false},"excerpt":{"rendered":"<p>Offrez vous un costume qui a du style ! C&#8217;est le cas du pantalon Regular Bow Donegal de la marque Selected, con\u00e7u en laine m\u00e9lang\u00e9e de premi\u00e8re qualit\u00e9. Son design pointu et ajust\u00e9 est accentu\u00e9 par des plis marqu\u00e9s au centre qui ajoutent une touche sophistiqu\u00e9e \u00e0 votre look. Fabriqu\u00e9 \u00e0 partir de laine recycl\u00e9e, [&hellip;]<\/p>\n","protected":false},"featured_media":642651,"comment_status":"open","ping_status":"closed","template":"","meta":[],"product_brand":[],"product_cat":[1756,1760],"product_tag":[2244],"acf":[],"_links":{"self":[{"href":"https:\/\/streetmarkets.fr\/app\/wp-json\/wp\/v2\/product\/642650"}],"collection":[{"href":"https:\/\/streetmarkets.fr\/app\/wp-json\/wp\/v2\/product"}],"about":[{"href":"https:\/\/streetmarkets.fr\/app\/wp-json\/wp\/v2\/types\/product"}],"replies":[{"embeddable":true,"href":"https:\/\/streetmarkets.fr\/app\/wp-json\/wp\/v2\/comments?post=642650"}],"wp:featuredmedia":[{"embeddable":true,"href":"https:\/\/streetmarkets.fr\/app\/wp-json\/wp\/v2\/media\/642651"}],"wp:attachment":[{"href":"https:\/\/streetmarkets.fr\/app\/wp-json\/wp\/v2\/media?parent=642650"}],"wp:term":[{"taxonomy":"product_brand","embeddable":true,"href":"https:\/\/streetmarkets.fr\/app\/wp-json\/wp\/v2\/product_brand?post=642650"},{"taxonomy":"product_cat","embeddable":true,"href":"https:\/\/streetmarkets.fr\/app\/wp-json\/wp\/v2\/product_cat?post=642650"},{"taxonomy":"product_tag","embeddable":true,"href":"https:\/\/streetmarkets.fr\/app\/wp-json\/wp\/v2\/product_tag?post=642650"}],"curies":[{"name":"wp","href":"https:\/\/api.w.org\/{rel}","templated":true}]}}