{"id":641959,"date":"2024-10-08T23:56:50","date_gmt":"2024-10-08T21:56:50","guid":{"rendered":"https:\/\/streetmarkets.fr\/app\/produit\/jean-baggy-josh-s24-homme-bleu-clair\/"},"modified":"2025-04-26T01:48:36","modified_gmt":"2025-04-25T23:48:36","slug":"jean-baggy-josh-s24-homme-bleu-clair","status":"publish","type":"product","link":"https:\/\/streetmarkets.fr\/app\/produit\/jean-baggy-josh-s24-homme-bleu-clair\/","title":{"rendered":"Jean Baggy Josh (S24 \/ HOMME \/ Bleu Clair)"},"content":{"rendered":"<p>Un essentiel du vestiaire masculin, ce jean baggy fusionne l&#8217;audace futuriste et le confort d\u00e9contract\u00e9. Muni d&#8217;une fermeture zipp\u00e9e et boutonn\u00e9e, il d\u00e9voile deux poches et une broderie &#8220;From Future&#8221;. \u00c0 porter sans mod\u00e9ration, il s&#8217;associe \u00e0 un sweatshirt oversize ou une maille moelleuse.<\/p>\n<p> &#8211; Jean baggy Josh en denim homme<br \/>\n<br \/> &#8211; Broderie &#8220;From Future&#8221; sur la poche gauche<br \/>\n<br \/> &#8211; 2 poches<br \/>\n<br \/> &#8211; Fermeture zipp\u00e9e et boutonn\u00e9e<\/p>\n","protected":false},"excerpt":{"rendered":"<p>Un essentiel du vestiaire masculin, ce jean baggy fusionne l&#8217;audace futuriste et le confort d\u00e9contract\u00e9. Muni d&#8217;une fermeture zipp\u00e9e et boutonn\u00e9e, il d\u00e9voile deux poches et une broderie &#8220;From Future&#8221;. \u00c0 porter sans mod\u00e9ration, il s&#8217;associe \u00e0 un sweatshirt oversize ou une maille moelleuse. &#8211; Jean baggy Josh en denim homme &#8211; Broderie &#8220;From Future&#8221; [&hellip;]<\/p>\n","protected":false},"featured_media":641960,"comment_status":"open","ping_status":"closed","template":"","meta":[],"product_brand":[6868],"product_cat":[1756,1758],"product_tag":[2244],"acf":[],"_links":{"self":[{"href":"https:\/\/streetmarkets.fr\/app\/wp-json\/wp\/v2\/product\/641959"}],"collection":[{"href":"https:\/\/streetmarkets.fr\/app\/wp-json\/wp\/v2\/product"}],"about":[{"href":"https:\/\/streetmarkets.fr\/app\/wp-json\/wp\/v2\/types\/product"}],"replies":[{"embeddable":true,"href":"https:\/\/streetmarkets.fr\/app\/wp-json\/wp\/v2\/comments?post=641959"}],"wp:featuredmedia":[{"embeddable":true,"href":"https:\/\/streetmarkets.fr\/app\/wp-json\/wp\/v2\/media\/641960"}],"wp:attachment":[{"href":"https:\/\/streetmarkets.fr\/app\/wp-json\/wp\/v2\/media?parent=641959"}],"wp:term":[{"taxonomy":"product_brand","embeddable":true,"href":"https:\/\/streetmarkets.fr\/app\/wp-json\/wp\/v2\/product_brand?post=641959"},{"taxonomy":"product_cat","embeddable":true,"href":"https:\/\/streetmarkets.fr\/app\/wp-json\/wp\/v2\/product_cat?post=641959"},{"taxonomy":"product_tag","embeddable":true,"href":"https:\/\/streetmarkets.fr\/app\/wp-json\/wp\/v2\/product_tag?post=641959"}],"curies":[{"name":"wp","href":"https:\/\/api.w.org\/{rel}","templated":true}]}}