{"id":641745,"date":"2024-10-08T23:42:35","date_gmt":"2024-10-08T21:42:35","guid":{"rendered":"https:\/\/streetmarkets.fr\/app\/produit\/pantalon-chloe\/"},"modified":"2025-02-07T02:27:47","modified_gmt":"2025-02-07T01:27:47","slug":"pantalon-chloe","status":"publish","type":"product","link":"https:\/\/streetmarkets.fr\/app\/produit\/pantalon-chloe\/","title":{"rendered":"Pantalon Chlo\u00e9"},"content":{"rendered":"<div style=\"text-align: left\">Pantalon Chlo\u00e9\u00a0<\/div>\n<div style=\"text-align: left\">&#8211; Couleur : Beige\u00a0<\/div>\n<div style=\"text-align: left\">&#8211; Mati\u00e8re : Coton\u00a0<\/div>\n<div style=\"text-align: left\">&#8211; Taille :\u00a0<\/div>\n<div style=\"text-align: left\">&#8211; \u00c9tat : Tr\u00e8s Bon \u00c9tat\u00a0<\/div>\n","protected":false},"excerpt":{"rendered":"<p>Pantalon Chlo\u00e9\u00a0 &#8211; Couleur : Beige\u00a0 &#8211; Mati\u00e8re : Coton\u00a0 &#8211; Taille :\u00a0 &#8211; \u00c9tat : Tr\u00e8s Bon \u00c9tat\u00a0<\/p>\n","protected":false},"featured_media":641746,"comment_status":"open","ping_status":"closed","template":"","meta":[],"product_brand":[],"product_cat":[1756,1762],"product_tag":[2244],"acf":[],"_links":{"self":[{"href":"https:\/\/streetmarkets.fr\/app\/wp-json\/wp\/v2\/product\/641745"}],"collection":[{"href":"https:\/\/streetmarkets.fr\/app\/wp-json\/wp\/v2\/product"}],"about":[{"href":"https:\/\/streetmarkets.fr\/app\/wp-json\/wp\/v2\/types\/product"}],"replies":[{"embeddable":true,"href":"https:\/\/streetmarkets.fr\/app\/wp-json\/wp\/v2\/comments?post=641745"}],"wp:featuredmedia":[{"embeddable":true,"href":"https:\/\/streetmarkets.fr\/app\/wp-json\/wp\/v2\/media\/641746"}],"wp:attachment":[{"href":"https:\/\/streetmarkets.fr\/app\/wp-json\/wp\/v2\/media?parent=641745"}],"wp:term":[{"taxonomy":"product_brand","embeddable":true,"href":"https:\/\/streetmarkets.fr\/app\/wp-json\/wp\/v2\/product_brand?post=641745"},{"taxonomy":"product_cat","embeddable":true,"href":"https:\/\/streetmarkets.fr\/app\/wp-json\/wp\/v2\/product_cat?post=641745"},{"taxonomy":"product_tag","embeddable":true,"href":"https:\/\/streetmarkets.fr\/app\/wp-json\/wp\/v2\/product_tag?post=641745"}],"curies":[{"name":"wp","href":"https:\/\/api.w.org\/{rel}","templated":true}]}}