{"id":641741,"date":"2024-10-08T23:42:35","date_gmt":"2024-10-08T21:42:35","guid":{"rendered":"https:\/\/streetmarkets.fr\/app\/produit\/boots-balmain-2\/"},"modified":"2025-02-07T02:27:47","modified_gmt":"2025-02-07T01:27:47","slug":"boots-balmain-2","status":"publish","type":"product","link":"https:\/\/streetmarkets.fr\/app\/produit\/boots-balmain-2\/","title":{"rendered":"Boots Balmain"},"content":{"rendered":"<div style=\"text-align: left\">Boots Balmain\u00a0<\/div>\n<div style=\"text-align: left\">&#8211; Couleur : Noir<\/div>\n<div style=\"text-align: left\">&#8211; Mati\u00e8re : Cuir Verni<\/div>\n<div style=\"text-align: left\">&#8211; Taille : 40<\/div>\n<div style=\"text-align: left\">&#8211; \u00c9tat : Tr\u00e8s Bon \u00c9tat\u00a0<\/div>\n","protected":false},"excerpt":{"rendered":"<p>Boots Balmain\u00a0 &#8211; Couleur : Noir &#8211; Mati\u00e8re : Cuir Verni &#8211; Taille : 40 &#8211; \u00c9tat : Tr\u00e8s Bon \u00c9tat\u00a0<\/p>\n","protected":false},"featured_media":641742,"comment_status":"open","ping_status":"closed","template":"","meta":[],"product_brand":[],"product_cat":[1756,1763],"product_tag":[2244],"acf":[],"_links":{"self":[{"href":"https:\/\/streetmarkets.fr\/app\/wp-json\/wp\/v2\/product\/641741"}],"collection":[{"href":"https:\/\/streetmarkets.fr\/app\/wp-json\/wp\/v2\/product"}],"about":[{"href":"https:\/\/streetmarkets.fr\/app\/wp-json\/wp\/v2\/types\/product"}],"replies":[{"embeddable":true,"href":"https:\/\/streetmarkets.fr\/app\/wp-json\/wp\/v2\/comments?post=641741"}],"wp:featuredmedia":[{"embeddable":true,"href":"https:\/\/streetmarkets.fr\/app\/wp-json\/wp\/v2\/media\/641742"}],"wp:attachment":[{"href":"https:\/\/streetmarkets.fr\/app\/wp-json\/wp\/v2\/media?parent=641741"}],"wp:term":[{"taxonomy":"product_brand","embeddable":true,"href":"https:\/\/streetmarkets.fr\/app\/wp-json\/wp\/v2\/product_brand?post=641741"},{"taxonomy":"product_cat","embeddable":true,"href":"https:\/\/streetmarkets.fr\/app\/wp-json\/wp\/v2\/product_cat?post=641741"},{"taxonomy":"product_tag","embeddable":true,"href":"https:\/\/streetmarkets.fr\/app\/wp-json\/wp\/v2\/product_tag?post=641741"}],"curies":[{"name":"wp","href":"https:\/\/api.w.org\/{rel}","templated":true}]}}