{"id":641736,"date":"2024-10-08T23:42:35","date_gmt":"2024-10-08T21:42:35","guid":{"rendered":"https:\/\/streetmarkets.fr\/app\/produit\/ensemble-chloe\/"},"modified":"2025-02-07T02:27:47","modified_gmt":"2025-02-07T01:27:47","slug":"ensemble-chloe","status":"publish","type":"product","link":"https:\/\/streetmarkets.fr\/app\/produit\/ensemble-chloe\/","title":{"rendered":"Ensemble Chlo\u00e9"},"content":{"rendered":"<div style=\"text-align: left\">Ensemble Chemisier et Pantalon Chlo\u00e9 brod\u00e9<\/div>\n<div style=\"text-align: left\">&#8211; Couleur : Noir\u00a0<\/div>\n<div style=\"text-align: left\">&#8211; Mati\u00e8re : \u00a0Ac\u00e9tate et Viscose\u00a0<\/div>\n<div style=\"text-align: left\">&#8211; Taille : \u00a034\n<\/div>\n<div style=\"text-align: left\">&#8211; \u00c9tat : Tr\u00e8s Bon \u00c9tat\u00a0<\/div>\n","protected":false},"excerpt":{"rendered":"<p>Ensemble Chemisier et Pantalon Chlo\u00e9 brod\u00e9 &#8211; Couleur : Noir\u00a0 &#8211; Mati\u00e8re : \u00a0Ac\u00e9tate et Viscose\u00a0 &#8211; Taille : \u00a034 &#8211; \u00c9tat : Tr\u00e8s Bon \u00c9tat\u00a0<\/p>\n","protected":false},"featured_media":641737,"comment_status":"open","ping_status":"closed","template":"","meta":[],"product_brand":[],"product_cat":[1756,1762],"product_tag":[2244],"acf":[],"_links":{"self":[{"href":"https:\/\/streetmarkets.fr\/app\/wp-json\/wp\/v2\/product\/641736"}],"collection":[{"href":"https:\/\/streetmarkets.fr\/app\/wp-json\/wp\/v2\/product"}],"about":[{"href":"https:\/\/streetmarkets.fr\/app\/wp-json\/wp\/v2\/types\/product"}],"replies":[{"embeddable":true,"href":"https:\/\/streetmarkets.fr\/app\/wp-json\/wp\/v2\/comments?post=641736"}],"wp:featuredmedia":[{"embeddable":true,"href":"https:\/\/streetmarkets.fr\/app\/wp-json\/wp\/v2\/media\/641737"}],"wp:attachment":[{"href":"https:\/\/streetmarkets.fr\/app\/wp-json\/wp\/v2\/media?parent=641736"}],"wp:term":[{"taxonomy":"product_brand","embeddable":true,"href":"https:\/\/streetmarkets.fr\/app\/wp-json\/wp\/v2\/product_brand?post=641736"},{"taxonomy":"product_cat","embeddable":true,"href":"https:\/\/streetmarkets.fr\/app\/wp-json\/wp\/v2\/product_cat?post=641736"},{"taxonomy":"product_tag","embeddable":true,"href":"https:\/\/streetmarkets.fr\/app\/wp-json\/wp\/v2\/product_tag?post=641736"}],"curies":[{"name":"wp","href":"https:\/\/api.w.org\/{rel}","templated":true}]}}