{"id":641710,"date":"2024-10-08T23:42:35","date_gmt":"2024-10-08T21:42:35","guid":{"rendered":"https:\/\/streetmarkets.fr\/app\/produit\/sac-bottega-venetta\/"},"modified":"2025-02-07T02:27:46","modified_gmt":"2025-02-07T01:27:46","slug":"sac-bottega-venetta","status":"publish","type":"product","link":"https:\/\/streetmarkets.fr\/app\/produit\/sac-bottega-venetta\/","title":{"rendered":"Sac Bottega Venetta"},"content":{"rendered":"<div style=\"text-align: left\">Sac Bottega Venetta Tress\u00e9<\/div>\n<div style=\"text-align: left\">&#8211; Couleur : Camel\u00a0<\/div>\n<div style=\"text-align: left\">&#8211; Mati\u00e8re : Cuir<\/div>\n<div style=\"text-align: left\">&#8211; \u00c9tat : Bon \u00c9tat\u00a0<\/div>\n<div style=\"text-align: left\">&#8211; Dimension :<\/div>\n<div style=\"text-align: left\">Hauteur 28cm<\/div>\n<div style=\"text-align: left\">Largeur 43cm<\/div>\n<div style=\"text-align: left\">Longueur\u00a0Anse 17cm<\/div>\n","protected":false},"excerpt":{"rendered":"<p>Sac Bottega Venetta Tress\u00e9 &#8211; Couleur : Camel\u00a0 &#8211; Mati\u00e8re : Cuir &#8211; \u00c9tat : Bon \u00c9tat\u00a0 &#8211; Dimension : Hauteur 28cm Largeur 43cm Longueur\u00a0Anse 17cm<\/p>\n","protected":false},"featured_media":641711,"comment_status":"open","ping_status":"closed","template":"","meta":[],"product_brand":[],"product_cat":[1756,1764],"product_tag":[2244],"acf":[],"_links":{"self":[{"href":"https:\/\/streetmarkets.fr\/app\/wp-json\/wp\/v2\/product\/641710"}],"collection":[{"href":"https:\/\/streetmarkets.fr\/app\/wp-json\/wp\/v2\/product"}],"about":[{"href":"https:\/\/streetmarkets.fr\/app\/wp-json\/wp\/v2\/types\/product"}],"replies":[{"embeddable":true,"href":"https:\/\/streetmarkets.fr\/app\/wp-json\/wp\/v2\/comments?post=641710"}],"wp:featuredmedia":[{"embeddable":true,"href":"https:\/\/streetmarkets.fr\/app\/wp-json\/wp\/v2\/media\/641711"}],"wp:attachment":[{"href":"https:\/\/streetmarkets.fr\/app\/wp-json\/wp\/v2\/media?parent=641710"}],"wp:term":[{"taxonomy":"product_brand","embeddable":true,"href":"https:\/\/streetmarkets.fr\/app\/wp-json\/wp\/v2\/product_brand?post=641710"},{"taxonomy":"product_cat","embeddable":true,"href":"https:\/\/streetmarkets.fr\/app\/wp-json\/wp\/v2\/product_cat?post=641710"},{"taxonomy":"product_tag","embeddable":true,"href":"https:\/\/streetmarkets.fr\/app\/wp-json\/wp\/v2\/product_tag?post=641710"}],"curies":[{"name":"wp","href":"https:\/\/api.w.org\/{rel}","templated":true}]}}