{"id":641695,"date":"2024-10-08T23:42:17","date_gmt":"2024-10-08T21:42:17","guid":{"rendered":"https:\/\/streetmarkets.fr\/app\/produit\/carre-de-soie-kenzo\/"},"modified":"2025-02-07T02:26:57","modified_gmt":"2025-02-07T01:26:57","slug":"carre-de-soie-kenzo","status":"publish","type":"product","link":"https:\/\/streetmarkets.fr\/app\/produit\/carre-de-soie-kenzo\/","title":{"rendered":"Carr\u00e9 de soie Kenzo"},"content":{"rendered":"<div style=\"text-align: left\"><strong>Carr\u00e9 de soie Kenzo\u00a0<\/strong><\/div>\n<div style=\"text-align: left\">&#8211; Couleurs : Rouge et Beige\u00a0<\/div>\n<div style=\"text-align: left\">&#8211; Mati\u00e8re : Soie<\/div>\n<div style=\"text-align: left\">&#8211; \u00c9tat : Tr\u00e8s Bon \u00c9tat<\/div>\n<div style=\"text-align: left\">&#8211; Dimension : 90 cm<\/div>\n","protected":false},"excerpt":{"rendered":"<p>Carr\u00e9 de soie Kenzo\u00a0 &#8211; Couleurs : Rouge et Beige\u00a0 &#8211; Mati\u00e8re : Soie &#8211; \u00c9tat : Tr\u00e8s Bon \u00c9tat &#8211; Dimension : 90 cm<\/p>\n","protected":false},"featured_media":641696,"comment_status":"open","ping_status":"closed","template":"","meta":[],"product_brand":[],"product_cat":[1756,1764],"product_tag":[2244],"acf":[],"_links":{"self":[{"href":"https:\/\/streetmarkets.fr\/app\/wp-json\/wp\/v2\/product\/641695"}],"collection":[{"href":"https:\/\/streetmarkets.fr\/app\/wp-json\/wp\/v2\/product"}],"about":[{"href":"https:\/\/streetmarkets.fr\/app\/wp-json\/wp\/v2\/types\/product"}],"replies":[{"embeddable":true,"href":"https:\/\/streetmarkets.fr\/app\/wp-json\/wp\/v2\/comments?post=641695"}],"wp:featuredmedia":[{"embeddable":true,"href":"https:\/\/streetmarkets.fr\/app\/wp-json\/wp\/v2\/media\/641696"}],"wp:attachment":[{"href":"https:\/\/streetmarkets.fr\/app\/wp-json\/wp\/v2\/media?parent=641695"}],"wp:term":[{"taxonomy":"product_brand","embeddable":true,"href":"https:\/\/streetmarkets.fr\/app\/wp-json\/wp\/v2\/product_brand?post=641695"},{"taxonomy":"product_cat","embeddable":true,"href":"https:\/\/streetmarkets.fr\/app\/wp-json\/wp\/v2\/product_cat?post=641695"},{"taxonomy":"product_tag","embeddable":true,"href":"https:\/\/streetmarkets.fr\/app\/wp-json\/wp\/v2\/product_tag?post=641695"}],"curies":[{"name":"wp","href":"https:\/\/api.w.org\/{rel}","templated":true}]}}