{"id":641684,"date":"2024-10-08T23:42:17","date_gmt":"2024-10-08T21:42:17","guid":{"rendered":"https:\/\/streetmarkets.fr\/app\/produit\/robe-guy-laroche\/"},"modified":"2025-02-07T02:26:51","modified_gmt":"2025-02-07T01:26:51","slug":"robe-guy-laroche","status":"publish","type":"product","link":"https:\/\/streetmarkets.fr\/app\/produit\/robe-guy-laroche\/","title":{"rendered":"Robe Guy Laroche"},"content":{"rendered":"<div><strong>Robe Saharienne Guy Laroche<\/strong><\/div>\n<div>&#8211; Couleur : Beige\u00a0<\/div>\n<div>&#8211; Mati\u00e8re : Laine\u00a0<\/div>\n<div>&#8211; \u00c9tat : Tr\u00e8s Bon \u00c9tat<\/div>\n<div>&#8211; Taille : 38<\/div>\n<p>\u00a0<\/p>\n","protected":false},"excerpt":{"rendered":"<p>Robe Saharienne Guy Laroche &#8211; Couleur : Beige\u00a0 &#8211; Mati\u00e8re : Laine\u00a0 &#8211; \u00c9tat : Tr\u00e8s Bon \u00c9tat &#8211; Taille : 38 \u00a0<\/p>\n","protected":false},"featured_media":641685,"comment_status":"open","ping_status":"closed","template":"","meta":[],"product_brand":[],"product_cat":[1756,1762],"product_tag":[2244],"acf":[],"_links":{"self":[{"href":"https:\/\/streetmarkets.fr\/app\/wp-json\/wp\/v2\/product\/641684"}],"collection":[{"href":"https:\/\/streetmarkets.fr\/app\/wp-json\/wp\/v2\/product"}],"about":[{"href":"https:\/\/streetmarkets.fr\/app\/wp-json\/wp\/v2\/types\/product"}],"replies":[{"embeddable":true,"href":"https:\/\/streetmarkets.fr\/app\/wp-json\/wp\/v2\/comments?post=641684"}],"wp:featuredmedia":[{"embeddable":true,"href":"https:\/\/streetmarkets.fr\/app\/wp-json\/wp\/v2\/media\/641685"}],"wp:attachment":[{"href":"https:\/\/streetmarkets.fr\/app\/wp-json\/wp\/v2\/media?parent=641684"}],"wp:term":[{"taxonomy":"product_brand","embeddable":true,"href":"https:\/\/streetmarkets.fr\/app\/wp-json\/wp\/v2\/product_brand?post=641684"},{"taxonomy":"product_cat","embeddable":true,"href":"https:\/\/streetmarkets.fr\/app\/wp-json\/wp\/v2\/product_cat?post=641684"},{"taxonomy":"product_tag","embeddable":true,"href":"https:\/\/streetmarkets.fr\/app\/wp-json\/wp\/v2\/product_tag?post=641684"}],"curies":[{"name":"wp","href":"https:\/\/api.w.org\/{rel}","templated":true}]}}