{"id":641680,"date":"2024-10-08T23:42:17","date_gmt":"2024-10-08T21:42:17","guid":{"rendered":"https:\/\/streetmarkets.fr\/app\/produit\/robe-victoria-beckham\/"},"modified":"2025-02-07T02:26:48","modified_gmt":"2025-02-07T01:26:48","slug":"robe-victoria-beckham","status":"publish","type":"product","link":"https:\/\/streetmarkets.fr\/app\/produit\/robe-victoria-beckham\/","title":{"rendered":"Robe Victoria Beckham"},"content":{"rendered":"<div><strong>Robe chemise Victoria Beckham<\/strong><\/div>\n<div>&#8211; Couleur : Noir Blanc et Rouge \u00a0<\/div>\n<div>&#8211; Mati\u00e8re : Coton\u00a0<\/div>\n<div>&#8211; \u00c9tat : Tr\u00e8s Bon \u00c9tat<\/div>\n<div>&#8211; Taille : 40<\/div>\n","protected":false},"excerpt":{"rendered":"<p>Robe chemise Victoria Beckham &#8211; Couleur : Noir Blanc et Rouge \u00a0 &#8211; Mati\u00e8re : Coton\u00a0 &#8211; \u00c9tat : Tr\u00e8s Bon \u00c9tat &#8211; Taille : 40<\/p>\n","protected":false},"featured_media":641681,"comment_status":"open","ping_status":"closed","template":"","meta":[],"product_brand":[],"product_cat":[1756,1762],"product_tag":[2244],"acf":[],"_links":{"self":[{"href":"https:\/\/streetmarkets.fr\/app\/wp-json\/wp\/v2\/product\/641680"}],"collection":[{"href":"https:\/\/streetmarkets.fr\/app\/wp-json\/wp\/v2\/product"}],"about":[{"href":"https:\/\/streetmarkets.fr\/app\/wp-json\/wp\/v2\/types\/product"}],"replies":[{"embeddable":true,"href":"https:\/\/streetmarkets.fr\/app\/wp-json\/wp\/v2\/comments?post=641680"}],"wp:featuredmedia":[{"embeddable":true,"href":"https:\/\/streetmarkets.fr\/app\/wp-json\/wp\/v2\/media\/641681"}],"wp:attachment":[{"href":"https:\/\/streetmarkets.fr\/app\/wp-json\/wp\/v2\/media?parent=641680"}],"wp:term":[{"taxonomy":"product_brand","embeddable":true,"href":"https:\/\/streetmarkets.fr\/app\/wp-json\/wp\/v2\/product_brand?post=641680"},{"taxonomy":"product_cat","embeddable":true,"href":"https:\/\/streetmarkets.fr\/app\/wp-json\/wp\/v2\/product_cat?post=641680"},{"taxonomy":"product_tag","embeddable":true,"href":"https:\/\/streetmarkets.fr\/app\/wp-json\/wp\/v2\/product_tag?post=641680"}],"curies":[{"name":"wp","href":"https:\/\/api.w.org\/{rel}","templated":true}]}}