{"id":641666,"date":"2024-10-08T23:42:16","date_gmt":"2024-10-08T21:42:16","guid":{"rendered":"https:\/\/streetmarkets.fr\/app\/produit\/manteau-rick-owens\/"},"modified":"2025-02-07T02:26:45","modified_gmt":"2025-02-07T01:26:45","slug":"manteau-rick-owens","status":"publish","type":"product","link":"https:\/\/streetmarkets.fr\/app\/produit\/manteau-rick-owens\/","title":{"rendered":"Manteau Rick Owens"},"content":{"rendered":"<div><strong>Manteau Rick Owens<\/strong><\/div>\n<div>&#8211; Couleur : Noir\u00a0<\/div>\n<div>&#8211; Mati\u00e8re : Viscose et Laine\u00a0<\/div>\n<div>&#8211; \u00c9tat : Tr\u00e8s Bon \u00c9tat\u00a0<\/div>\n<div>&#8211; Taille : 38<\/div>\n<ul><\/ul>\n","protected":false},"excerpt":{"rendered":"<p>Manteau Rick Owens &#8211; Couleur : Noir\u00a0 &#8211; Mati\u00e8re : Viscose et Laine\u00a0 &#8211; \u00c9tat : Tr\u00e8s Bon \u00c9tat\u00a0 &#8211; Taille : 38<\/p>\n","protected":false},"featured_media":641667,"comment_status":"open","ping_status":"closed","template":"","meta":[],"product_brand":[],"product_cat":[1756,1762],"product_tag":[2244],"acf":[],"_links":{"self":[{"href":"https:\/\/streetmarkets.fr\/app\/wp-json\/wp\/v2\/product\/641666"}],"collection":[{"href":"https:\/\/streetmarkets.fr\/app\/wp-json\/wp\/v2\/product"}],"about":[{"href":"https:\/\/streetmarkets.fr\/app\/wp-json\/wp\/v2\/types\/product"}],"replies":[{"embeddable":true,"href":"https:\/\/streetmarkets.fr\/app\/wp-json\/wp\/v2\/comments?post=641666"}],"wp:featuredmedia":[{"embeddable":true,"href":"https:\/\/streetmarkets.fr\/app\/wp-json\/wp\/v2\/media\/641667"}],"wp:attachment":[{"href":"https:\/\/streetmarkets.fr\/app\/wp-json\/wp\/v2\/media?parent=641666"}],"wp:term":[{"taxonomy":"product_brand","embeddable":true,"href":"https:\/\/streetmarkets.fr\/app\/wp-json\/wp\/v2\/product_brand?post=641666"},{"taxonomy":"product_cat","embeddable":true,"href":"https:\/\/streetmarkets.fr\/app\/wp-json\/wp\/v2\/product_cat?post=641666"},{"taxonomy":"product_tag","embeddable":true,"href":"https:\/\/streetmarkets.fr\/app\/wp-json\/wp\/v2\/product_tag?post=641666"}],"curies":[{"name":"wp","href":"https:\/\/api.w.org\/{rel}","templated":true}]}}