{"id":641654,"date":"2024-10-08T23:42:16","date_gmt":"2024-10-08T21:42:16","guid":{"rendered":"https:\/\/streetmarkets.fr\/app\/produit\/gilet-crochet-chloe\/"},"modified":"2025-02-07T02:26:43","modified_gmt":"2025-02-07T01:26:43","slug":"gilet-crochet-chloe","status":"publish","type":"product","link":"https:\/\/streetmarkets.fr\/app\/produit\/gilet-crochet-chloe\/","title":{"rendered":"Gilet Crochet Chlo\u00e9"},"content":{"rendered":"<div><strong>Gilet Crochet Chlo\u00e9\u00a0<\/strong><\/div>\n<div>&#8211; Couleur : Beige<\/div>\n<div>&#8211; Mati\u00e8re : Coton\u00a0<\/div>\n<div>&#8211; \u00c9tat : Tr\u00e8s Bon \u00c9tat\u00a0<\/div>\n<div>&#8211; Taille : 38<\/div>\n","protected":false},"excerpt":{"rendered":"<p>Gilet Crochet Chlo\u00e9\u00a0 &#8211; Couleur : Beige &#8211; Mati\u00e8re : Coton\u00a0 &#8211; \u00c9tat : Tr\u00e8s Bon \u00c9tat\u00a0 &#8211; Taille : 38<\/p>\n","protected":false},"featured_media":641655,"comment_status":"open","ping_status":"closed","template":"","meta":[],"product_brand":[],"product_cat":[1756,1762],"product_tag":[2244],"acf":[],"_links":{"self":[{"href":"https:\/\/streetmarkets.fr\/app\/wp-json\/wp\/v2\/product\/641654"}],"collection":[{"href":"https:\/\/streetmarkets.fr\/app\/wp-json\/wp\/v2\/product"}],"about":[{"href":"https:\/\/streetmarkets.fr\/app\/wp-json\/wp\/v2\/types\/product"}],"replies":[{"embeddable":true,"href":"https:\/\/streetmarkets.fr\/app\/wp-json\/wp\/v2\/comments?post=641654"}],"wp:featuredmedia":[{"embeddable":true,"href":"https:\/\/streetmarkets.fr\/app\/wp-json\/wp\/v2\/media\/641655"}],"wp:attachment":[{"href":"https:\/\/streetmarkets.fr\/app\/wp-json\/wp\/v2\/media?parent=641654"}],"wp:term":[{"taxonomy":"product_brand","embeddable":true,"href":"https:\/\/streetmarkets.fr\/app\/wp-json\/wp\/v2\/product_brand?post=641654"},{"taxonomy":"product_cat","embeddable":true,"href":"https:\/\/streetmarkets.fr\/app\/wp-json\/wp\/v2\/product_cat?post=641654"},{"taxonomy":"product_tag","embeddable":true,"href":"https:\/\/streetmarkets.fr\/app\/wp-json\/wp\/v2\/product_tag?post=641654"}],"curies":[{"name":"wp","href":"https:\/\/api.w.org\/{rel}","templated":true}]}}