{"id":641604,"date":"2024-10-08T23:42:16","date_gmt":"2024-10-08T21:42:16","guid":{"rendered":"https:\/\/streetmarkets.fr\/app\/produit\/bottes-chanel\/"},"modified":"2025-02-07T02:26:40","modified_gmt":"2025-02-07T01:26:40","slug":"bottes-chanel","status":"publish","type":"product","link":"https:\/\/streetmarkets.fr\/app\/produit\/bottes-chanel\/","title":{"rendered":"Bottes Chanel"},"content":{"rendered":"<div data-mce-fragment=\"1\" dir=\"auto\">\n<div><strong>Bottes Chanel \u00a0<\/strong><\/div>\n<div>&#8211; Couleurs : Bordeaux et Noir<\/div>\n<div>&#8211; Mati\u00e8re : Su\u00e8de<\/div>\n<div>&#8211; \u00c9tat : Tr\u00e8s Bon \u00c9tat<\/div>\n<div>&#8211; Taille : 37<\/div>\n<\/div>\n","protected":false},"excerpt":{"rendered":"<p>Bottes Chanel \u00a0 &#8211; Couleurs : Bordeaux et Noir &#8211; Mati\u00e8re : Su\u00e8de &#8211; \u00c9tat : Tr\u00e8s Bon \u00c9tat &#8211; Taille : 37<\/p>\n","protected":false},"featured_media":641605,"comment_status":"open","ping_status":"closed","template":"","meta":[],"product_brand":[],"product_cat":[1756,1763],"product_tag":[2244],"acf":[],"_links":{"self":[{"href":"https:\/\/streetmarkets.fr\/app\/wp-json\/wp\/v2\/product\/641604"}],"collection":[{"href":"https:\/\/streetmarkets.fr\/app\/wp-json\/wp\/v2\/product"}],"about":[{"href":"https:\/\/streetmarkets.fr\/app\/wp-json\/wp\/v2\/types\/product"}],"replies":[{"embeddable":true,"href":"https:\/\/streetmarkets.fr\/app\/wp-json\/wp\/v2\/comments?post=641604"}],"wp:featuredmedia":[{"embeddable":true,"href":"https:\/\/streetmarkets.fr\/app\/wp-json\/wp\/v2\/media\/641605"}],"wp:attachment":[{"href":"https:\/\/streetmarkets.fr\/app\/wp-json\/wp\/v2\/media?parent=641604"}],"wp:term":[{"taxonomy":"product_brand","embeddable":true,"href":"https:\/\/streetmarkets.fr\/app\/wp-json\/wp\/v2\/product_brand?post=641604"},{"taxonomy":"product_cat","embeddable":true,"href":"https:\/\/streetmarkets.fr\/app\/wp-json\/wp\/v2\/product_cat?post=641604"},{"taxonomy":"product_tag","embeddable":true,"href":"https:\/\/streetmarkets.fr\/app\/wp-json\/wp\/v2\/product_tag?post=641604"}],"curies":[{"name":"wp","href":"https:\/\/api.w.org\/{rel}","templated":true}]}}