{"id":641594,"date":"2024-10-08T23:42:15","date_gmt":"2024-10-08T21:42:15","guid":{"rendered":"https:\/\/streetmarkets.fr\/app\/produit\/pochette-emma-hope\/"},"modified":"2025-02-07T02:26:39","modified_gmt":"2025-02-07T01:26:39","slug":"pochette-emma-hope","status":"publish","type":"product","link":"https:\/\/streetmarkets.fr\/app\/produit\/pochette-emma-hope\/","title":{"rendered":"Pochette Emma Hope"},"content":{"rendered":"<div><strong>Pochette Emma Hope\u00a0<\/strong><\/div>\n<div>&#8211; Couleur : Bordeaux\u00a0<\/div>\n<div>&#8211; Mati\u00e8re : Satin\u00a0<\/div>\n<div>&#8211; \u00c9tat : Tr\u00e8s Bon \u00c9tat\u00a0<\/div>\n","protected":false},"excerpt":{"rendered":"<p>Pochette Emma Hope\u00a0 &#8211; Couleur : Bordeaux\u00a0 &#8211; Mati\u00e8re : Satin\u00a0 &#8211; \u00c9tat : Tr\u00e8s Bon \u00c9tat\u00a0<\/p>\n","protected":false},"featured_media":641595,"comment_status":"open","ping_status":"closed","template":"","meta":[],"product_brand":[],"product_cat":[1756,1764],"product_tag":[2244],"acf":[],"_links":{"self":[{"href":"https:\/\/streetmarkets.fr\/app\/wp-json\/wp\/v2\/product\/641594"}],"collection":[{"href":"https:\/\/streetmarkets.fr\/app\/wp-json\/wp\/v2\/product"}],"about":[{"href":"https:\/\/streetmarkets.fr\/app\/wp-json\/wp\/v2\/types\/product"}],"replies":[{"embeddable":true,"href":"https:\/\/streetmarkets.fr\/app\/wp-json\/wp\/v2\/comments?post=641594"}],"wp:featuredmedia":[{"embeddable":true,"href":"https:\/\/streetmarkets.fr\/app\/wp-json\/wp\/v2\/media\/641595"}],"wp:attachment":[{"href":"https:\/\/streetmarkets.fr\/app\/wp-json\/wp\/v2\/media?parent=641594"}],"wp:term":[{"taxonomy":"product_brand","embeddable":true,"href":"https:\/\/streetmarkets.fr\/app\/wp-json\/wp\/v2\/product_brand?post=641594"},{"taxonomy":"product_cat","embeddable":true,"href":"https:\/\/streetmarkets.fr\/app\/wp-json\/wp\/v2\/product_cat?post=641594"},{"taxonomy":"product_tag","embeddable":true,"href":"https:\/\/streetmarkets.fr\/app\/wp-json\/wp\/v2\/product_tag?post=641594"}],"curies":[{"name":"wp","href":"https:\/\/api.w.org\/{rel}","templated":true}]}}