{"id":4152452,"date":"2026-05-17T07:30:22","date_gmt":"2026-05-17T05:30:22","guid":{"rendered":"https:\/\/streetmarkets.fr\/app\/produit\/chemise-thom-browne-a-carreaux\/"},"modified":"2026-05-17T07:30:37","modified_gmt":"2026-05-17T05:30:37","slug":"chemise-thom-browne-a-carreaux","status":"publish","type":"product","link":"https:\/\/streetmarkets.fr\/app\/produit\/chemise-thom-browne-a-carreaux\/","title":{"rendered":"Chemise Thom Browne \u00e0 carreaux"},"content":{"rendered":"<p>Chemise \u00e0 carreaux Thom Browne en coton. Taille 4. En tr\u00e8s bon \u00e9tat.<\/p>\n<p>Dimensions : Hauteur 83cm, largeur \u00e9paules 44cm, longueur manches 68cm.<\/p>\n","protected":false},"excerpt":{"rendered":"<p>Chemise \u00e0 carreaux Thom Browne en coton. Taille 4. En tr\u00e8s bon \u00e9tat. Dimensions : Hauteur 83cm, largeur \u00e9paules 44cm, longueur manches 68cm.<\/p>\n","protected":false},"featured_media":4152453,"comment_status":"open","ping_status":"closed","template":"","meta":[],"product_brand":[],"product_cat":[],"product_tag":[],"acf":[],"_links":{"self":[{"href":"https:\/\/streetmarkets.fr\/app\/wp-json\/wp\/v2\/product\/4152452"}],"collection":[{"href":"https:\/\/streetmarkets.fr\/app\/wp-json\/wp\/v2\/product"}],"about":[{"href":"https:\/\/streetmarkets.fr\/app\/wp-json\/wp\/v2\/types\/product"}],"replies":[{"embeddable":true,"href":"https:\/\/streetmarkets.fr\/app\/wp-json\/wp\/v2\/comments?post=4152452"}],"wp:featuredmedia":[{"embeddable":true,"href":"https:\/\/streetmarkets.fr\/app\/wp-json\/wp\/v2\/media\/4152453"}],"wp:attachment":[{"href":"https:\/\/streetmarkets.fr\/app\/wp-json\/wp\/v2\/media?parent=4152452"}],"wp:term":[{"taxonomy":"product_brand","embeddable":true,"href":"https:\/\/streetmarkets.fr\/app\/wp-json\/wp\/v2\/product_brand?post=4152452"},{"taxonomy":"product_cat","embeddable":true,"href":"https:\/\/streetmarkets.fr\/app\/wp-json\/wp\/v2\/product_cat?post=4152452"},{"taxonomy":"product_tag","embeddable":true,"href":"https:\/\/streetmarkets.fr\/app\/wp-json\/wp\/v2\/product_tag?post=4152452"}],"curies":[{"name":"wp","href":"https:\/\/api.w.org\/{rel}","templated":true}]}}