{"id":4133811,"date":"2026-05-14T02:38:09","date_gmt":"2026-05-14T00:38:09","guid":{"rendered":"https:\/\/streetmarkets.fr\/app\/produit\/gel-1130-pour-femme-261-w-brown\/"},"modified":"2026-05-14T02:38:18","modified_gmt":"2026-05-14T00:38:18","slug":"gel-1130-pour-femme-261-w-brown","status":"publish","type":"product","link":"https:\/\/streetmarkets.fr\/app\/produit\/gel-1130-pour-femme-261-w-brown\/","title":{"rendered":"Gel-1130 pour Femme (261 \/ W \/ BROWN)"},"content":{"rendered":"<p>Les baskets Asics Gel-1130 Sportstyle sont dot\u00e9es d&#8217;une empeigne en mesh respirant avec des empi\u00e8cements en cuir synth\u00e9tique, de la technologie d&#8217;amorti Gel et d&#8217;un syst\u00e8me de maintien Trusstic.<\/p>\n<ul>\n<li>Tailles unisexes\u00a0: pour une coupe ajust\u00e9e, prenez une taille en dessous. Pour une coupe plus ample, prenez une taille au-dessus. <\/li>\n<li>Style\u00a0: 1203B045.200<\/li>\n<li>Couleur\u00a0: Marron S\u00e9pia\/Bois Flott\u00e9<\/li>\n<\/ul>\n","protected":false},"excerpt":{"rendered":"<p>Les baskets Asics Gel-1130 Sportstyle sont dot\u00e9es d&#8217;une empeigne en mesh respirant avec des empi\u00e8cements en cuir synth\u00e9tique, de la technologie d&#8217;amorti Gel et d&#8217;un syst\u00e8me de maintien Trusstic. Tailles unisexes\u00a0: pour une coupe ajust\u00e9e, prenez une taille en dessous. Pour une coupe plus ample, prenez une taille au-dessus. Style\u00a0: 1203B045.200 Couleur\u00a0: Marron S\u00e9pia\/Bois Flott\u00e9<\/p>\n","protected":false},"featured_media":4133812,"comment_status":"open","ping_status":"closed","template":"","meta":[],"product_brand":[2536],"product_cat":[],"product_tag":[],"acf":[],"_links":{"self":[{"href":"https:\/\/streetmarkets.fr\/app\/wp-json\/wp\/v2\/product\/4133811"}],"collection":[{"href":"https:\/\/streetmarkets.fr\/app\/wp-json\/wp\/v2\/product"}],"about":[{"href":"https:\/\/streetmarkets.fr\/app\/wp-json\/wp\/v2\/types\/product"}],"replies":[{"embeddable":true,"href":"https:\/\/streetmarkets.fr\/app\/wp-json\/wp\/v2\/comments?post=4133811"}],"wp:featuredmedia":[{"embeddable":true,"href":"https:\/\/streetmarkets.fr\/app\/wp-json\/wp\/v2\/media\/4133812"}],"wp:attachment":[{"href":"https:\/\/streetmarkets.fr\/app\/wp-json\/wp\/v2\/media?parent=4133811"}],"wp:term":[{"taxonomy":"product_brand","embeddable":true,"href":"https:\/\/streetmarkets.fr\/app\/wp-json\/wp\/v2\/product_brand?post=4133811"},{"taxonomy":"product_cat","embeddable":true,"href":"https:\/\/streetmarkets.fr\/app\/wp-json\/wp\/v2\/product_cat?post=4133811"},{"taxonomy":"product_tag","embeddable":true,"href":"https:\/\/streetmarkets.fr\/app\/wp-json\/wp\/v2\/product_tag?post=4133811"}],"curies":[{"name":"wp","href":"https:\/\/api.w.org\/{rel}","templated":true}]}}