{"id":4126226,"date":"2026-05-13T01:42:57","date_gmt":"2026-05-12T23:42:57","guid":{"rendered":"https:\/\/streetmarkets.fr\/app\/produit\/robe-belate-en-ecovero-skfk\/"},"modified":"2026-05-16T01:43:05","modified_gmt":"2026-05-15T23:43:05","slug":"robe-belate-en-ecovero-skfk","status":"publish","type":"product","link":"https:\/\/streetmarkets.fr\/app\/produit\/robe-belate-en-ecovero-skfk\/","title":{"rendered":"Robe Belate en EcoVero Skfk"},"content":{"rendered":"<ul>\n<li>robe crois\u00e9e fa\u00e7on\u00a0<strong>cache-coeur<\/strong>\n<\/li>\n<li>imprim\u00e9 floral stylis\u00e9 sur fond bleu marine<\/li>\n<li>100% <strong>EcoVero *<\/strong>,<strong>\u00a0<\/strong>la viscose<strong> \u00e9cologique <\/strong>mise au point par\u00a0<strong>Lenzing\u00a0 <\/strong>\n<\/li>\n<li>marque \u00e9thique basque espagnole <strong>Skfk<\/strong>\n<\/li>\n<\/ul>\n<p><span style=\"font-size: 1.4em\">La mati\u00e8re est si<\/span><strong style=\"font-size: 1.4em\"> douce <\/strong><span style=\"font-size: 1.4em\">que vous aurez l&#8217;impression de porter une<\/span><strong style=\"font-size: 1.4em\"> robe en soie !<\/strong><\/p>\n<p><strong style=\"font-size: 1.4em\">* <\/strong>50% d&#8217;\u00e9conomie d&#8217;eau pour produire cette fibre issue de bois de for\u00eats certifi\u00e9es FSC<\/p>\n<ul><\/ul>\n<p><span style=\"font-size: 1.4em\"><br \/><\/span><\/p>\n<p><span style=\"font-size: 1.4em\"><br \/><\/span><\/p>\n","protected":false},"excerpt":{"rendered":"<p>robe crois\u00e9e fa\u00e7on\u00a0cache-coeur imprim\u00e9 floral stylis\u00e9 sur fond bleu marine 100% EcoVero *,\u00a0la viscose \u00e9cologique mise au point par\u00a0Lenzing\u00a0 marque \u00e9thique basque espagnole Skfk La mati\u00e8re est si douce que vous aurez l&#8217;impression de porter une robe en soie ! * 50% d&#8217;\u00e9conomie d&#8217;eau pour produire cette fibre issue de bois de for\u00eats certifi\u00e9es FSC<\/p>\n","protected":false},"featured_media":4126227,"comment_status":"open","ping_status":"closed","template":"","meta":[],"product_brand":[],"product_cat":[],"product_tag":[],"acf":[],"_links":{"self":[{"href":"https:\/\/streetmarkets.fr\/app\/wp-json\/wp\/v2\/product\/4126226"}],"collection":[{"href":"https:\/\/streetmarkets.fr\/app\/wp-json\/wp\/v2\/product"}],"about":[{"href":"https:\/\/streetmarkets.fr\/app\/wp-json\/wp\/v2\/types\/product"}],"replies":[{"embeddable":true,"href":"https:\/\/streetmarkets.fr\/app\/wp-json\/wp\/v2\/comments?post=4126226"}],"wp:featuredmedia":[{"embeddable":true,"href":"https:\/\/streetmarkets.fr\/app\/wp-json\/wp\/v2\/media\/4126227"}],"wp:attachment":[{"href":"https:\/\/streetmarkets.fr\/app\/wp-json\/wp\/v2\/media?parent=4126226"}],"wp:term":[{"taxonomy":"product_brand","embeddable":true,"href":"https:\/\/streetmarkets.fr\/app\/wp-json\/wp\/v2\/product_brand?post=4126226"},{"taxonomy":"product_cat","embeddable":true,"href":"https:\/\/streetmarkets.fr\/app\/wp-json\/wp\/v2\/product_cat?post=4126226"},{"taxonomy":"product_tag","embeddable":true,"href":"https:\/\/streetmarkets.fr\/app\/wp-json\/wp\/v2\/product_tag?post=4126226"}],"curies":[{"name":"wp","href":"https:\/\/api.w.org\/{rel}","templated":true}]}}