{"id":4125817,"date":"2026-05-12T05:22:31","date_gmt":"2026-05-12T03:22:31","guid":{"rendered":"https:\/\/streetmarkets.fr\/app\/produit\/pull-bob\/"},"modified":"2026-05-13T05:21:53","modified_gmt":"2026-05-13T03:21:53","slug":"pull-bob","status":"publish","type":"product","link":"https:\/\/streetmarkets.fr\/app\/produit\/pull-bob\/","title":{"rendered":"Pull Bob"},"content":{"rendered":"<p>Marini\u00e8re en jersey de coton.<br \/>\nMaille plut\u00f4t s\u00e8che, avec une belle tenue, pas trop \u00e9paisse.<br \/>\nContrastes en jersey de coton gris bleut\u00e9 et poignets bleus .<br \/>\nTaille plut\u00f4t large, ampleur pr\u00e9vue.<\/p>\n<p>169\u20ac<\/p>\n","protected":false},"excerpt":{"rendered":"<p>Marini\u00e8re en jersey de coton. Maille plut\u00f4t s\u00e8che, avec une belle tenue, pas trop \u00e9paisse. Contrastes en jersey de coton gris bleut\u00e9 et poignets bleus . Taille plut\u00f4t large, ampleur pr\u00e9vue. 169\u20ac<\/p>\n","protected":false},"featured_media":4125818,"comment_status":"open","ping_status":"closed","template":"","meta":[],"product_brand":[1310],"product_cat":[],"product_tag":[],"acf":[],"_links":{"self":[{"href":"https:\/\/streetmarkets.fr\/app\/wp-json\/wp\/v2\/product\/4125817"}],"collection":[{"href":"https:\/\/streetmarkets.fr\/app\/wp-json\/wp\/v2\/product"}],"about":[{"href":"https:\/\/streetmarkets.fr\/app\/wp-json\/wp\/v2\/types\/product"}],"replies":[{"embeddable":true,"href":"https:\/\/streetmarkets.fr\/app\/wp-json\/wp\/v2\/comments?post=4125817"}],"wp:featuredmedia":[{"embeddable":true,"href":"https:\/\/streetmarkets.fr\/app\/wp-json\/wp\/v2\/media\/4125818"}],"wp:attachment":[{"href":"https:\/\/streetmarkets.fr\/app\/wp-json\/wp\/v2\/media?parent=4125817"}],"wp:term":[{"taxonomy":"product_brand","embeddable":true,"href":"https:\/\/streetmarkets.fr\/app\/wp-json\/wp\/v2\/product_brand?post=4125817"},{"taxonomy":"product_cat","embeddable":true,"href":"https:\/\/streetmarkets.fr\/app\/wp-json\/wp\/v2\/product_cat?post=4125817"},{"taxonomy":"product_tag","embeddable":true,"href":"https:\/\/streetmarkets.fr\/app\/wp-json\/wp\/v2\/product_tag?post=4125817"}],"curies":[{"name":"wp","href":"https:\/\/api.w.org\/{rel}","templated":true}]}}