{"id":4125800,"date":"2026-05-12T05:22:30","date_gmt":"2026-05-12T03:22:30","guid":{"rendered":"https:\/\/streetmarkets.fr\/app\/produit\/pantalon-studio-marin-clair\/"},"modified":"2026-05-17T05:21:55","modified_gmt":"2026-05-17T03:21:55","slug":"pantalon-studio-marin-clair","status":"publish","type":"product","link":"https:\/\/streetmarkets.fr\/app\/produit\/pantalon-studio-marin-clair\/","title":{"rendered":"Pantalon Studio Marin clair"},"content":{"rendered":"<p>Pantalon en toile Denim Jacquard Ray\u00e9 .<\/p>\n<p>D\u00e9coupes soulign\u00e9es de passepoil de coton vert<br \/>\nComposition: 90% coton 8% polyester 2% elasthanne<br \/>\nLavage machine 30\u00b0<\/p>\n<p>Prix : 185\u20ac<\/p>\n","protected":false},"excerpt":{"rendered":"<p>Pantalon en toile Denim Jacquard Ray\u00e9 . D\u00e9coupes soulign\u00e9es de passepoil de coton vert Composition: 90% coton 8% polyester 2% elasthanne Lavage machine 30\u00b0 Prix : 185\u20ac<\/p>\n","protected":false},"featured_media":4125801,"comment_status":"open","ping_status":"closed","template":"","meta":[],"product_brand":[1310],"product_cat":[],"product_tag":[],"acf":[],"_links":{"self":[{"href":"https:\/\/streetmarkets.fr\/app\/wp-json\/wp\/v2\/product\/4125800"}],"collection":[{"href":"https:\/\/streetmarkets.fr\/app\/wp-json\/wp\/v2\/product"}],"about":[{"href":"https:\/\/streetmarkets.fr\/app\/wp-json\/wp\/v2\/types\/product"}],"replies":[{"embeddable":true,"href":"https:\/\/streetmarkets.fr\/app\/wp-json\/wp\/v2\/comments?post=4125800"}],"wp:featuredmedia":[{"embeddable":true,"href":"https:\/\/streetmarkets.fr\/app\/wp-json\/wp\/v2\/media\/4125801"}],"wp:attachment":[{"href":"https:\/\/streetmarkets.fr\/app\/wp-json\/wp\/v2\/media?parent=4125800"}],"wp:term":[{"taxonomy":"product_brand","embeddable":true,"href":"https:\/\/streetmarkets.fr\/app\/wp-json\/wp\/v2\/product_brand?post=4125800"},{"taxonomy":"product_cat","embeddable":true,"href":"https:\/\/streetmarkets.fr\/app\/wp-json\/wp\/v2\/product_cat?post=4125800"},{"taxonomy":"product_tag","embeddable":true,"href":"https:\/\/streetmarkets.fr\/app\/wp-json\/wp\/v2\/product_tag?post=4125800"}],"curies":[{"name":"wp","href":"https:\/\/api.w.org\/{rel}","templated":true}]}}