{"id":4125313,"date":"2026-05-12T05:21:30","date_gmt":"2026-05-12T03:21:30","guid":{"rendered":"https:\/\/streetmarkets.fr\/app\/produit\/sweta-cruella-marine\/"},"modified":"2026-05-17T05:21:24","modified_gmt":"2026-05-17T03:21:24","slug":"sweta-cruella-marine","status":"publish","type":"product","link":"https:\/\/streetmarkets.fr\/app\/produit\/sweta-cruella-marine\/","title":{"rendered":"Sweta CRUELLA marine"},"content":{"rendered":"<p>Pull en molleton \u00e9pais tr\u00e8s doux \u00e0 l&#8217;int\u00e9rieur (gratt\u00e9).<br \/>\nManches chauves-souris soulign\u00e9es d&#8217;un \u00e9pais passepoil or aux emmanchures.<br \/>\nPlastron devant en fausse fourrure print\u00e9e.<\/p>\n<p>Prix : 168\u20ac -50%= 84\u20ac<\/p>\n","protected":false},"excerpt":{"rendered":"<p>Pull en molleton \u00e9pais tr\u00e8s doux \u00e0 l&#8217;int\u00e9rieur (gratt\u00e9). Manches chauves-souris soulign\u00e9es d&#8217;un \u00e9pais passepoil or aux emmanchures. Plastron devant en fausse fourrure print\u00e9e. Prix : 168\u20ac -50%= 84\u20ac<\/p>\n","protected":false},"featured_media":4125314,"comment_status":"open","ping_status":"closed","template":"","meta":[],"product_brand":[1310],"product_cat":[],"product_tag":[],"acf":[],"_links":{"self":[{"href":"https:\/\/streetmarkets.fr\/app\/wp-json\/wp\/v2\/product\/4125313"}],"collection":[{"href":"https:\/\/streetmarkets.fr\/app\/wp-json\/wp\/v2\/product"}],"about":[{"href":"https:\/\/streetmarkets.fr\/app\/wp-json\/wp\/v2\/types\/product"}],"replies":[{"embeddable":true,"href":"https:\/\/streetmarkets.fr\/app\/wp-json\/wp\/v2\/comments?post=4125313"}],"wp:featuredmedia":[{"embeddable":true,"href":"https:\/\/streetmarkets.fr\/app\/wp-json\/wp\/v2\/media\/4125314"}],"wp:attachment":[{"href":"https:\/\/streetmarkets.fr\/app\/wp-json\/wp\/v2\/media?parent=4125313"}],"wp:term":[{"taxonomy":"product_brand","embeddable":true,"href":"https:\/\/streetmarkets.fr\/app\/wp-json\/wp\/v2\/product_brand?post=4125313"},{"taxonomy":"product_cat","embeddable":true,"href":"https:\/\/streetmarkets.fr\/app\/wp-json\/wp\/v2\/product_cat?post=4125313"},{"taxonomy":"product_tag","embeddable":true,"href":"https:\/\/streetmarkets.fr\/app\/wp-json\/wp\/v2\/product_tag?post=4125313"}],"curies":[{"name":"wp","href":"https:\/\/api.w.org\/{rel}","templated":true}]}}