{"id":4124853,"date":"2026-05-12T05:20:46","date_gmt":"2026-05-12T03:20:46","guid":{"rendered":"https:\/\/streetmarkets.fr\/app\/produit\/robe-jungle-grise\/"},"modified":"2026-05-12T05:20:52","modified_gmt":"2026-05-12T03:20:52","slug":"robe-jungle-grise","status":"publish","type":"product","link":"https:\/\/streetmarkets.fr\/app\/produit\/robe-jungle-grise\/","title":{"rendered":"Robe Jungle grise"},"content":{"rendered":"<p>Robe chemise bi-mati\u00e8re: Prince de Galles gris et jacquard motif jungle dans les tons de vert et marine pour le col, les poignets et le haut du dos.<\/p>\n<p>Plis sur le devant et dos plat pour la jupe, avec des poches dans la couture de c\u00f4t\u00e9.<\/p>\n<p>Mod\u00e8le doubl\u00e9 avec un gros grain en guise de ceinture, finitions passepoil de coton vert.<br \/>\nPossibilit\u00e9 de commander la ceinture oeil comme sur la photo.<br \/>\nLavage \u00e0 la main ou d\u00e9licat<\/p>\n<p>Prix 287\u20ac-50%=143\u20ac<\/p>\n","protected":false},"excerpt":{"rendered":"<p>Robe chemise bi-mati\u00e8re: Prince de Galles gris et jacquard motif jungle dans les tons de vert et marine pour le col, les poignets et le haut du dos. Plis sur le devant et dos plat pour la jupe, avec des poches dans la couture de c\u00f4t\u00e9. Mod\u00e8le doubl\u00e9 avec un gros grain en guise de [&hellip;]<\/p>\n","protected":false},"featured_media":4124854,"comment_status":"open","ping_status":"closed","template":"","meta":[],"product_brand":[1310],"product_cat":[],"product_tag":[],"acf":[],"_links":{"self":[{"href":"https:\/\/streetmarkets.fr\/app\/wp-json\/wp\/v2\/product\/4124853"}],"collection":[{"href":"https:\/\/streetmarkets.fr\/app\/wp-json\/wp\/v2\/product"}],"about":[{"href":"https:\/\/streetmarkets.fr\/app\/wp-json\/wp\/v2\/types\/product"}],"replies":[{"embeddable":true,"href":"https:\/\/streetmarkets.fr\/app\/wp-json\/wp\/v2\/comments?post=4124853"}],"wp:featuredmedia":[{"embeddable":true,"href":"https:\/\/streetmarkets.fr\/app\/wp-json\/wp\/v2\/media\/4124854"}],"wp:attachment":[{"href":"https:\/\/streetmarkets.fr\/app\/wp-json\/wp\/v2\/media?parent=4124853"}],"wp:term":[{"taxonomy":"product_brand","embeddable":true,"href":"https:\/\/streetmarkets.fr\/app\/wp-json\/wp\/v2\/product_brand?post=4124853"},{"taxonomy":"product_cat","embeddable":true,"href":"https:\/\/streetmarkets.fr\/app\/wp-json\/wp\/v2\/product_cat?post=4124853"},{"taxonomy":"product_tag","embeddable":true,"href":"https:\/\/streetmarkets.fr\/app\/wp-json\/wp\/v2\/product_tag?post=4124853"}],"curies":[{"name":"wp","href":"https:\/\/api.w.org\/{rel}","templated":true}]}}