{"id":4124151,"date":"2026-05-12T02:45:13","date_gmt":"2026-05-12T00:45:13","guid":{"rendered":"https:\/\/streetmarkets.fr\/app\/produit\/2002r-pour-homme-242-m-grey\/"},"modified":"2026-05-14T02:47:13","modified_gmt":"2026-05-14T00:47:13","slug":"2002r-pour-homme-242-m-grey","status":"publish","type":"product","link":"https:\/\/streetmarkets.fr\/app\/produit\/2002r-pour-homme-242-m-grey\/","title":{"rendered":"2002R pour Homme (242 \/ M \/ GREY)"},"content":{"rendered":"<p>La sneaker lifestyle New Balance 2002R est dot\u00e9e d&#8217;une empeigne en mesh avec des empi\u00e8cements en daim de porc, d&#8217;une semelle interm\u00e9diaire amortissante et des technologies Stability Web.<\/p>\n<ul>\n<li>Pointures unisexes\u00a0: pour un ajustement serr\u00e9, choisissez une pointure en dessous. Pour un ajustement plus ample, choisissez une pointure au-dessus.<\/li>\n<li>Mod\u00e8le\u00a0: U2002RST<\/li>\n<li>Couleur\u00a0: Acier avec plomb et orque<\/li>\n<\/ul>\n","protected":false},"excerpt":{"rendered":"<p>La sneaker lifestyle New Balance 2002R est dot\u00e9e d&#8217;une empeigne en mesh avec des empi\u00e8cements en daim de porc, d&#8217;une semelle interm\u00e9diaire amortissante et des technologies Stability Web. Pointures unisexes\u00a0: pour un ajustement serr\u00e9, choisissez une pointure en dessous. Pour un ajustement plus ample, choisissez une pointure au-dessus. Mod\u00e8le\u00a0: U2002RST Couleur\u00a0: Acier avec plomb et [&hellip;]<\/p>\n","protected":false},"featured_media":4135617,"comment_status":"open","ping_status":"closed","template":"","meta":[],"product_brand":[7132],"product_cat":[],"product_tag":[],"acf":[],"_links":{"self":[{"href":"https:\/\/streetmarkets.fr\/app\/wp-json\/wp\/v2\/product\/4124151"}],"collection":[{"href":"https:\/\/streetmarkets.fr\/app\/wp-json\/wp\/v2\/product"}],"about":[{"href":"https:\/\/streetmarkets.fr\/app\/wp-json\/wp\/v2\/types\/product"}],"replies":[{"embeddable":true,"href":"https:\/\/streetmarkets.fr\/app\/wp-json\/wp\/v2\/comments?post=4124151"}],"wp:featuredmedia":[{"embeddable":true,"href":"https:\/\/streetmarkets.fr\/app\/wp-json\/wp\/v2\/media\/4135617"}],"wp:attachment":[{"href":"https:\/\/streetmarkets.fr\/app\/wp-json\/wp\/v2\/media?parent=4124151"}],"wp:term":[{"taxonomy":"product_brand","embeddable":true,"href":"https:\/\/streetmarkets.fr\/app\/wp-json\/wp\/v2\/product_brand?post=4124151"},{"taxonomy":"product_cat","embeddable":true,"href":"https:\/\/streetmarkets.fr\/app\/wp-json\/wp\/v2\/product_cat?post=4124151"},{"taxonomy":"product_tag","embeddable":true,"href":"https:\/\/streetmarkets.fr\/app\/wp-json\/wp\/v2\/product_tag?post=4124151"}],"curies":[{"name":"wp","href":"https:\/\/api.w.org\/{rel}","templated":true}]}}