{"id":4113790,"date":"2026-05-10T08:40:27","date_gmt":"2026-05-10T06:40:27","guid":{"rendered":"https:\/\/streetmarkets.fr\/app\/produit\/robe-payal-pratap\/"},"modified":"2026-05-10T08:40:29","modified_gmt":"2026-05-10T06:40:29","slug":"robe-payal-pratap","status":"publish","type":"product","link":"https:\/\/streetmarkets.fr\/app\/produit\/robe-payal-pratap\/","title":{"rendered":"Robe &#8211; Payal Pratap"},"content":{"rendered":"<p>Robe longue \u00e0 bretelles avec patchwork et broderies dans les coloris blanc, rouge et bleu.\u00a0<\/p>\n<p>Pi\u00e8ce unique r\u00e9alis\u00e9e en s\u00e9ries limit\u00e9es\u00a0<\/p>\n<p>\u00a0<\/p>\n","protected":false},"excerpt":{"rendered":"<p>Robe longue \u00e0 bretelles avec patchwork et broderies dans les coloris blanc, rouge et bleu.\u00a0 Pi\u00e8ce unique r\u00e9alis\u00e9e en s\u00e9ries limit\u00e9es\u00a0 \u00a0<\/p>\n","protected":false},"featured_media":4113791,"comment_status":"open","ping_status":"closed","template":"","meta":[],"product_brand":[],"product_cat":[],"product_tag":[],"acf":[],"_links":{"self":[{"href":"https:\/\/streetmarkets.fr\/app\/wp-json\/wp\/v2\/product\/4113790"}],"collection":[{"href":"https:\/\/streetmarkets.fr\/app\/wp-json\/wp\/v2\/product"}],"about":[{"href":"https:\/\/streetmarkets.fr\/app\/wp-json\/wp\/v2\/types\/product"}],"replies":[{"embeddable":true,"href":"https:\/\/streetmarkets.fr\/app\/wp-json\/wp\/v2\/comments?post=4113790"}],"wp:featuredmedia":[{"embeddable":true,"href":"https:\/\/streetmarkets.fr\/app\/wp-json\/wp\/v2\/media\/4113791"}],"wp:attachment":[{"href":"https:\/\/streetmarkets.fr\/app\/wp-json\/wp\/v2\/media?parent=4113790"}],"wp:term":[{"taxonomy":"product_brand","embeddable":true,"href":"https:\/\/streetmarkets.fr\/app\/wp-json\/wp\/v2\/product_brand?post=4113790"},{"taxonomy":"product_cat","embeddable":true,"href":"https:\/\/streetmarkets.fr\/app\/wp-json\/wp\/v2\/product_cat?post=4113790"},{"taxonomy":"product_tag","embeddable":true,"href":"https:\/\/streetmarkets.fr\/app\/wp-json\/wp\/v2\/product_tag?post=4113790"}],"curies":[{"name":"wp","href":"https:\/\/api.w.org\/{rel}","templated":true}]}}