{"id":4108789,"date":"2026-05-09T03:52:59","date_gmt":"2026-05-09T01:52:59","guid":{"rendered":"https:\/\/streetmarkets.fr\/app\/produit\/perlin-boot\/"},"modified":"2026-05-13T03:54:07","modified_gmt":"2026-05-13T01:54:07","slug":"perlin-boot","status":"publish","type":"product","link":"https:\/\/streetmarkets.fr\/app\/produit\/perlin-boot\/","title":{"rendered":"Perlin Boot"},"content":{"rendered":"<p>Tige 100 % cuir de veau,<br \/>Semelle 70 % caoutchouc,\u00a030 % cuir de veau<\/p>\n<p>Confectionn\u00e9e en cuir lisse, la botte Perlin pr\u00e9sente une silhouette \u00e9l\u00e9gante rehauss\u00e9e de d\u00e9coupes g\u00e9om\u00e9triques et d&#8217;un \u00e9lastique enveloppant.<\/p>\n<p>JBUW103LE03<\/p>\n","protected":false},"excerpt":{"rendered":"<p>Tige 100 % cuir de veau,Semelle 70 % caoutchouc,\u00a030 % cuir de veau Confectionn\u00e9e en cuir lisse, la botte Perlin pr\u00e9sente une silhouette \u00e9l\u00e9gante rehauss\u00e9e de d\u00e9coupes g\u00e9om\u00e9triques et d&#8217;un \u00e9lastique enveloppant. JBUW103LE03<\/p>\n","protected":false},"featured_media":4108790,"comment_status":"open","ping_status":"closed","template":"","meta":[],"product_brand":[],"product_cat":[],"product_tag":[],"acf":[],"_links":{"self":[{"href":"https:\/\/streetmarkets.fr\/app\/wp-json\/wp\/v2\/product\/4108789"}],"collection":[{"href":"https:\/\/streetmarkets.fr\/app\/wp-json\/wp\/v2\/product"}],"about":[{"href":"https:\/\/streetmarkets.fr\/app\/wp-json\/wp\/v2\/types\/product"}],"replies":[{"embeddable":true,"href":"https:\/\/streetmarkets.fr\/app\/wp-json\/wp\/v2\/comments?post=4108789"}],"wp:featuredmedia":[{"embeddable":true,"href":"https:\/\/streetmarkets.fr\/app\/wp-json\/wp\/v2\/media\/4108790"}],"wp:attachment":[{"href":"https:\/\/streetmarkets.fr\/app\/wp-json\/wp\/v2\/media?parent=4108789"}],"wp:term":[{"taxonomy":"product_brand","embeddable":true,"href":"https:\/\/streetmarkets.fr\/app\/wp-json\/wp\/v2\/product_brand?post=4108789"},{"taxonomy":"product_cat","embeddable":true,"href":"https:\/\/streetmarkets.fr\/app\/wp-json\/wp\/v2\/product_cat?post=4108789"},{"taxonomy":"product_tag","embeddable":true,"href":"https:\/\/streetmarkets.fr\/app\/wp-json\/wp\/v2\/product_tag?post=4108789"}],"curies":[{"name":"wp","href":"https:\/\/api.w.org\/{rel}","templated":true}]}}