{"id":4103870,"date":"2026-05-09T01:58:13","date_gmt":"2026-05-08T23:58:13","guid":{"rendered":"https:\/\/streetmarkets.fr\/app\/produit\/courreges-knit-top\/"},"modified":"2026-05-12T02:04:13","modified_gmt":"2026-05-12T00:04:13","slug":"courreges-knit-top","status":"publish","type":"product","link":"https:\/\/streetmarkets.fr\/app\/produit\/courreges-knit-top\/","title":{"rendered":"Courr\u00e8ges Knit Top"},"content":{"rendered":"<p>Courr\u00e8ges Knit Top with yellow and white stripe. On the left side, it is embroidered with &#8220;Courr\u00e8ges.&#8221; The top is sleeveless with a square neckline. Model from the 1980s.<\/p>\n<p>VINTAGE CONDITION: <\/p>\n<p>Good<\/p>\n<p>MATERIALS: <\/p>\n<p>Cotton<\/p>\n<p>COLOR: <\/p>\n<p>Yellow<\/p>\n<p>SIZE: <\/p>\n<p>36&nbsp;FR<\/p>\n<p>SHIPPING &amp; RETURN POLICY: <\/p>\n<p>Packages are generally dispatched within 2 days after receipt of payment and are shipped worldwide via Colissimo with tracking information.<\/p>\n<p>Please see our Shipping &amp; Returns Terms for important details regarding shipment options and fees.<br \/>\n&nbsp;<\/p>\n<p><\/p>\n","protected":false},"excerpt":{"rendered":"<p>Courr\u00e8ges Knit Top with yellow and white stripe. On the left side, it is embroidered with &#8220;Courr\u00e8ges.&#8221; The top is sleeveless with a square neckline. Model from the 1980s. VINTAGE CONDITION: Good MATERIALS: Cotton COLOR: Yellow SIZE: 36&nbsp;FR SHIPPING &amp; RETURN POLICY: Packages are generally dispatched within 2 days after receipt of payment and are [&hellip;]<\/p>\n","protected":false},"featured_media":4103871,"comment_status":"open","ping_status":"closed","template":"","meta":[],"product_brand":[],"product_cat":[],"product_tag":[],"acf":[],"_links":{"self":[{"href":"https:\/\/streetmarkets.fr\/app\/wp-json\/wp\/v2\/product\/4103870"}],"collection":[{"href":"https:\/\/streetmarkets.fr\/app\/wp-json\/wp\/v2\/product"}],"about":[{"href":"https:\/\/streetmarkets.fr\/app\/wp-json\/wp\/v2\/types\/product"}],"replies":[{"embeddable":true,"href":"https:\/\/streetmarkets.fr\/app\/wp-json\/wp\/v2\/comments?post=4103870"}],"wp:featuredmedia":[{"embeddable":true,"href":"https:\/\/streetmarkets.fr\/app\/wp-json\/wp\/v2\/media\/4103871"}],"wp:attachment":[{"href":"https:\/\/streetmarkets.fr\/app\/wp-json\/wp\/v2\/media?parent=4103870"}],"wp:term":[{"taxonomy":"product_brand","embeddable":true,"href":"https:\/\/streetmarkets.fr\/app\/wp-json\/wp\/v2\/product_brand?post=4103870"},{"taxonomy":"product_cat","embeddable":true,"href":"https:\/\/streetmarkets.fr\/app\/wp-json\/wp\/v2\/product_cat?post=4103870"},{"taxonomy":"product_tag","embeddable":true,"href":"https:\/\/streetmarkets.fr\/app\/wp-json\/wp\/v2\/product_tag?post=4103870"}],"curies":[{"name":"wp","href":"https:\/\/api.w.org\/{rel}","templated":true}]}}