{"id":4103543,"date":"2026-05-09T01:15:59","date_gmt":"2026-05-08T23:15:59","guid":{"rendered":"https:\/\/streetmarkets.fr\/app\/produit\/carre-tarot-marine\/"},"modified":"2026-05-09T01:16:05","modified_gmt":"2026-05-08T23:16:05","slug":"carre-tarot-marine","status":"publish","type":"product","link":"https:\/\/streetmarkets.fr\/app\/produit\/carre-tarot-marine\/","title":{"rendered":"Carr\u00e9 Tarot &#8211; Marine"},"content":{"rendered":"<p><span><a title=\"Collection AN-NEE\" href=\"\/collections\/AN-NEE\"><strong>Collection AN-NEE<\/strong><\/a><\/span><\/p>\n<ul>\n<li>100% Twill de Soie<\/li>\n<li>Environ 110 x 110 cm\n<\/li>\n<li>Finitions : ourlet plat<\/li>\n<li>Livr\u00e9 dans sa bo\u00eete<\/li>\n<li>\n <span>Conseil d&#8217;entretien :\u00a0<\/span><span style=\"font-size: 0.875rem\">optez pour un lavage \u00e0 sec confi\u00e9 \u00e0 un professionnel<\/span>\n<\/li>\n<\/ul>\n<p>Dessin\u00e9 par Alexia <span>Nokovitch<\/span>, la cr\u00e9atrice de la marque<\/p>\n<p>:: Fabriqu\u00e9 et imprim\u00e9 en France ::<\/p>\n","protected":false},"excerpt":{"rendered":"<p>Collection AN-NEE 100% Twill de Soie Environ 110 x 110 cm Finitions : ourlet plat Livr\u00e9 dans sa bo\u00eete Conseil d&#8217;entretien :\u00a0optez pour un lavage \u00e0 sec confi\u00e9 \u00e0 un professionnel Dessin\u00e9 par Alexia Nokovitch, la cr\u00e9atrice de la marque :: Fabriqu\u00e9 et imprim\u00e9 en France ::<\/p>\n","protected":false},"featured_media":4103544,"comment_status":"open","ping_status":"closed","template":"","meta":[],"product_brand":[],"product_cat":[],"product_tag":[],"acf":[],"_links":{"self":[{"href":"https:\/\/streetmarkets.fr\/app\/wp-json\/wp\/v2\/product\/4103543"}],"collection":[{"href":"https:\/\/streetmarkets.fr\/app\/wp-json\/wp\/v2\/product"}],"about":[{"href":"https:\/\/streetmarkets.fr\/app\/wp-json\/wp\/v2\/types\/product"}],"replies":[{"embeddable":true,"href":"https:\/\/streetmarkets.fr\/app\/wp-json\/wp\/v2\/comments?post=4103543"}],"wp:featuredmedia":[{"embeddable":true,"href":"https:\/\/streetmarkets.fr\/app\/wp-json\/wp\/v2\/media\/4103544"}],"wp:attachment":[{"href":"https:\/\/streetmarkets.fr\/app\/wp-json\/wp\/v2\/media?parent=4103543"}],"wp:term":[{"taxonomy":"product_brand","embeddable":true,"href":"https:\/\/streetmarkets.fr\/app\/wp-json\/wp\/v2\/product_brand?post=4103543"},{"taxonomy":"product_cat","embeddable":true,"href":"https:\/\/streetmarkets.fr\/app\/wp-json\/wp\/v2\/product_cat?post=4103543"},{"taxonomy":"product_tag","embeddable":true,"href":"https:\/\/streetmarkets.fr\/app\/wp-json\/wp\/v2\/product_tag?post=4103543"}],"curies":[{"name":"wp","href":"https:\/\/api.w.org\/{rel}","templated":true}]}}